{"id":134,"date":"2018-04-17T08:55:10","date_gmt":"2018-04-17T06:55:10","guid":{"rendered":"http:\/\/www.ff-katharein.at\/wp\/?page_id=134"},"modified":"2024-04-24T00:05:41","modified_gmt":"2024-04-23T22:05:41","slug":"feuerwehrjugend","status":"publish","type":"page","link":"https:\/\/www.ff-katharein.at\/wp\/?page_id=134","title":{"rendered":"Feuerwehrjugend"},"content":{"rendered":"\n<h2 id=\"wp-block-themeisle-blocks-advanced-heading-36de9343\" class=\"wp-block-themeisle-blocks-advanced-heading wp-block-themeisle-blocks-advanced-heading-36de9343\"><strong>Feuerwehrjugend<\/strong><\/h2>\n\n\n<div class=\"wp-block-image\">\n<figure class=\"aligncenter size-large is-resized\"><img loading=\"lazy\" src=\"https:\/\/www.ff-katharein.at\/wp\/wp-content\/uploads\/2024\/04\/2402__004-1024x683.jpg\" alt=\"\" class=\"wp-image-2898\" width=\"512\" height=\"342\" srcset=\"https:\/\/www.ff-katharein.at\/wp\/wp-content\/uploads\/2024\/04\/2402__004-1024x683.jpg 1024w, https:\/\/www.ff-katharein.at\/wp\/wp-content\/uploads\/2024\/04\/2402__004-300x200.jpg 300w, https:\/\/www.ff-katharein.at\/wp\/wp-content\/uploads\/2024\/04\/2402__004-768x512.jpg 768w, https:\/\/www.ff-katharein.at\/wp\/wp-content\/uploads\/2024\/04\/2402__004-1536x1024.jpg 1536w, https:\/\/www.ff-katharein.at\/wp\/wp-content\/uploads\/2024\/04\/2402__004-2048x1365.jpg 2048w, https:\/\/www.ff-katharein.at\/wp\/wp-content\/uploads\/2024\/04\/2402__004-930x620.jpg 930w\" sizes=\"(max-width: 512px) 100vw, 512px\" \/><\/figure><\/div>\n\n\n<div id=\"wp-block-themeisle-blocks-advanced-columns-819c6e4e\" class=\"wp-block-themeisle-blocks-advanced-columns has-2-columns has-desktop-equal-layout has-tablet-equal-layout has-mobile-equal-layout has-vertical-unset\"><div class=\"wp-block-themeisle-blocks-advanced-columns-overlay\"><\/div><div class=\"innerblocks-wrap\">\n<div id=\"wp-block-themeisle-blocks-advanced-column-17f2b13c\" class=\"wp-block-themeisle-blocks-advanced-column\"><div class=\"wp-block-image\">\n<figure class=\"aligncenter size-full\"><img loading=\"lazy\" width=\"200\" height=\"250\" src=\"https:\/\/www.ff-katharein.at\/wp\/wp-content\/uploads\/2022\/07\/image-1.png\" alt=\"\" class=\"wp-image-1426\"\/><figcaption>JFM Logan Becker<\/figcaption><\/figure><\/div><\/div>\n\n\n\n<div id=\"wp-block-themeisle-blocks-advanced-column-f15dda20\" class=\"wp-block-themeisle-blocks-advanced-column\"><div class=\"wp-block-image\">\n<figure class=\"aligncenter size-medium\"><img loading=\"lazy\" width=\"225\" height=\"300\" src=\"https:\/\/www.ff-katharein.at\/wp\/wp-content\/uploads\/2024\/04\/Sascha-Costis-225x300.jpg\" alt=\"\" class=\"wp-image-2879\" srcset=\"https:\/\/www.ff-katharein.at\/wp\/wp-content\/uploads\/2024\/04\/Sascha-Costis-225x300.jpg 225w, https:\/\/www.ff-katharein.at\/wp\/wp-content\/uploads\/2024\/04\/Sascha-Costis-768x1024.jpg 768w, https:\/\/www.ff-katharein.at\/wp\/wp-content\/uploads\/2024\/04\/Sascha-Costis-1152x1536.jpg 1152w, https:\/\/www.ff-katharein.at\/wp\/wp-content\/uploads\/2024\/04\/Sascha-Costis-1536x2048.jpg 1536w, https:\/\/www.ff-katharein.at\/wp\/wp-content\/uploads\/2024\/04\/Sascha-Costis-scaled.jpg 1920w\" sizes=\"(max-width: 225px) 100vw, 225px\" \/><figcaption>JFM Sascha Constantin Costis<\/figcaption><\/figure><\/div><\/div>\n<\/div><\/div>\n\n\n\n<div id=\"wp-block-themeisle-blocks-advanced-columns-c784242e\" class=\"wp-block-themeisle-blocks-advanced-columns has-2-columns has-desktop-equal-layout has-tablet-equal-layout has-mobile-equal-layout has-vertical-unset\"><div class=\"wp-block-themeisle-blocks-advanced-columns-overlay\"><\/div><div class=\"innerblocks-wrap\">\n<div id=\"wp-block-themeisle-blocks-advanced-column-0a141a45\" class=\"wp-block-themeisle-blocks-advanced-column\"><div class=\"wp-block-image\">\n<figure class=\"aligncenter size-medium\"><img loading=\"lazy\" width=\"225\" height=\"300\" src=\"https:\/\/www.ff-katharein.at\/wp\/wp-content\/uploads\/2024\/04\/Johanna-Brauneis-Weber-225x300.jpg\" alt=\"\" class=\"wp-image-2880\" srcset=\"https:\/\/www.ff-katharein.at\/wp\/wp-content\/uploads\/2024\/04\/Johanna-Brauneis-Weber-225x300.jpg 225w, https:\/\/www.ff-katharein.at\/wp\/wp-content\/uploads\/2024\/04\/Johanna-Brauneis-Weber-768x1024.jpg 768w, https:\/\/www.ff-katharein.at\/wp\/wp-content\/uploads\/2024\/04\/Johanna-Brauneis-Weber-1152x1536.jpg 1152w, https:\/\/www.ff-katharein.at\/wp\/wp-content\/uploads\/2024\/04\/Johanna-Brauneis-Weber-1536x2048.jpg 1536w, https:\/\/www.ff-katharein.at\/wp\/wp-content\/uploads\/2024\/04\/Johanna-Brauneis-Weber-scaled.jpg 1920w\" sizes=\"(max-width: 225px) 100vw, 225px\" \/><figcaption>JFM Johanna Brauneis-Weber<\/figcaption><\/figure><\/div><\/div>\n\n\n\n<div id=\"wp-block-themeisle-blocks-advanced-column-61f55c3d\" class=\"wp-block-themeisle-blocks-advanced-column\"><div class=\"wp-block-image\">\n<figure class=\"aligncenter size-medium\"><img loading=\"lazy\" width=\"225\" height=\"300\" src=\"https:\/\/www.ff-katharein.at\/wp\/wp-content\/uploads\/2024\/04\/Maximilian-Hollerer-225x300.jpg\" alt=\"\" class=\"wp-image-2881\" srcset=\"https:\/\/www.ff-katharein.at\/wp\/wp-content\/uploads\/2024\/04\/Maximilian-Hollerer-225x300.jpg 225w, https:\/\/www.ff-katharein.at\/wp\/wp-content\/uploads\/2024\/04\/Maximilian-Hollerer-768x1024.jpg 768w, https:\/\/www.ff-katharein.at\/wp\/wp-content\/uploads\/2024\/04\/Maximilian-Hollerer-1152x1536.jpg 1152w, https:\/\/www.ff-katharein.at\/wp\/wp-content\/uploads\/2024\/04\/Maximilian-Hollerer-1536x2048.jpg 1536w, https:\/\/www.ff-katharein.at\/wp\/wp-content\/uploads\/2024\/04\/Maximilian-Hollerer-scaled.jpg 1920w\" sizes=\"(max-width: 225px) 100vw, 225px\" \/><figcaption>JFM Maximilian Hollerer<\/figcaption><\/figure><\/div><\/div>\n<\/div><\/div>\n\n\n\n<div id=\"wp-block-themeisle-blocks-advanced-columns-7f67802a\" class=\"wp-block-themeisle-blocks-advanced-columns has-2-columns has-desktop-equal-layout has-tablet-equal-layout has-mobile-equal-layout has-vertical-unset\"><div class=\"wp-block-themeisle-blocks-advanced-columns-overlay\"><\/div><div class=\"innerblocks-wrap\">\n<div id=\"wp-block-themeisle-blocks-advanced-column-433e91eb\" class=\"wp-block-themeisle-blocks-advanced-column\"><div class=\"wp-block-image\">\n<figure class=\"aligncenter size-medium\"><img loading=\"lazy\" width=\"225\" height=\"300\" src=\"https:\/\/www.ff-katharein.at\/wp\/wp-content\/uploads\/2024\/04\/Eleni-Mikusch-225x300.jpg\" alt=\"\" class=\"wp-image-2882\" srcset=\"https:\/\/www.ff-katharein.at\/wp\/wp-content\/uploads\/2024\/04\/Eleni-Mikusch-225x300.jpg 225w, https:\/\/www.ff-katharein.at\/wp\/wp-content\/uploads\/2024\/04\/Eleni-Mikusch-768x1024.jpg 768w, https:\/\/www.ff-katharein.at\/wp\/wp-content\/uploads\/2024\/04\/Eleni-Mikusch-1152x1536.jpg 1152w, https:\/\/www.ff-katharein.at\/wp\/wp-content\/uploads\/2024\/04\/Eleni-Mikusch-1536x2048.jpg 1536w, https:\/\/www.ff-katharein.at\/wp\/wp-content\/uploads\/2024\/04\/Eleni-Mikusch-scaled.jpg 1920w\" sizes=\"(max-width: 225px) 100vw, 225px\" \/><figcaption>JFM Eleni Mikusch<\/figcaption><\/figure><\/div><\/div>\n\n\n\n<div id=\"wp-block-themeisle-blocks-advanced-column-a05bcbe6\" class=\"wp-block-themeisle-blocks-advanced-column\"><div class=\"wp-block-image\">\n<figure class=\"aligncenter size-medium\"><img loading=\"lazy\" width=\"225\" height=\"300\" src=\"https:\/\/www.ff-katharein.at\/wp\/wp-content\/uploads\/2024\/04\/Hannah-Sommerauer-225x300.jpg\" alt=\"\" class=\"wp-image-2883\" srcset=\"https:\/\/www.ff-katharein.at\/wp\/wp-content\/uploads\/2024\/04\/Hannah-Sommerauer-225x300.jpg 225w, https:\/\/www.ff-katharein.at\/wp\/wp-content\/uploads\/2024\/04\/Hannah-Sommerauer-768x1024.jpg 768w, https:\/\/www.ff-katharein.at\/wp\/wp-content\/uploads\/2024\/04\/Hannah-Sommerauer-1152x1536.jpg 1152w, https:\/\/www.ff-katharein.at\/wp\/wp-content\/uploads\/2024\/04\/Hannah-Sommerauer-1536x2048.jpg 1536w, https:\/\/www.ff-katharein.at\/wp\/wp-content\/uploads\/2024\/04\/Hannah-Sommerauer-scaled.jpg 1920w\" sizes=\"(max-width: 225px) 100vw, 225px\" \/><figcaption>JFM Hannah Sommerauer<\/figcaption><\/figure><\/div><\/div>\n<\/div><\/div>\n\n\n\n<div id=\"wp-block-themeisle-blocks-advanced-columns-5c71f658\" class=\"wp-block-themeisle-blocks-advanced-columns has-2-columns has-desktop-equal-layout has-tablet-equal-layout has-mobile-equal-layout has-vertical-unset\"><div class=\"wp-block-themeisle-blocks-advanced-columns-overlay\"><\/div><div class=\"innerblocks-wrap\">\n<div id=\"wp-block-themeisle-blocks-advanced-column-742c1cf9\" class=\"wp-block-themeisle-blocks-advanced-column\"><div class=\"wp-block-image\">\n<figure class=\"aligncenter size-medium\"><img loading=\"lazy\" width=\"225\" height=\"300\" src=\"https:\/\/www.ff-katharein.at\/wp\/wp-content\/uploads\/2024\/04\/Marie-Sommerauer-225x300.jpg\" alt=\"\" class=\"wp-image-2884\" srcset=\"https:\/\/www.ff-katharein.at\/wp\/wp-content\/uploads\/2024\/04\/Marie-Sommerauer-225x300.jpg 225w, https:\/\/www.ff-katharein.at\/wp\/wp-content\/uploads\/2024\/04\/Marie-Sommerauer-768x1024.jpg 768w, https:\/\/www.ff-katharein.at\/wp\/wp-content\/uploads\/2024\/04\/Marie-Sommerauer-1152x1536.jpg 1152w, https:\/\/www.ff-katharein.at\/wp\/wp-content\/uploads\/2024\/04\/Marie-Sommerauer-1536x2048.jpg 1536w, https:\/\/www.ff-katharein.at\/wp\/wp-content\/uploads\/2024\/04\/Marie-Sommerauer-scaled.jpg 1920w\" sizes=\"(max-width: 225px) 100vw, 225px\" \/><figcaption>JFM Marie Sommerauer<\/figcaption><\/figure><\/div><\/div>\n\n\n\n<div id=\"wp-block-themeisle-blocks-advanced-column-0d80a416\" class=\"wp-block-themeisle-blocks-advanced-column\"><div class=\"wp-block-image\">\n<figure class=\"aligncenter size-medium\"><img loading=\"lazy\" width=\"225\" height=\"300\" src=\"https:\/\/www.ff-katharein.at\/wp\/wp-content\/uploads\/2024\/04\/Felix-Steer-noch-kein-Foto-225x300.jpg\" alt=\"\" class=\"wp-image-2888\" srcset=\"https:\/\/www.ff-katharein.at\/wp\/wp-content\/uploads\/2024\/04\/Felix-Steer-noch-kein-Foto-225x300.jpg 225w, https:\/\/www.ff-katharein.at\/wp\/wp-content\/uploads\/2024\/04\/Felix-Steer-noch-kein-Foto-768x1024.jpg 768w, https:\/\/www.ff-katharein.at\/wp\/wp-content\/uploads\/2024\/04\/Felix-Steer-noch-kein-Foto-1152x1536.jpg 1152w, https:\/\/www.ff-katharein.at\/wp\/wp-content\/uploads\/2024\/04\/Felix-Steer-noch-kein-Foto-1536x2048.jpg 1536w, https:\/\/www.ff-katharein.at\/wp\/wp-content\/uploads\/2024\/04\/Felix-Steer-noch-kein-Foto-scaled.jpg 1920w\" sizes=\"(max-width: 225px) 100vw, 225px\" \/><figcaption>JFM Felix Steer<\/figcaption><\/figure><\/div><\/div>\n<\/div><\/div>\n\n\n\n<div id=\"wp-block-themeisle-blocks-advanced-columns-1bebb96a\" class=\"wp-block-themeisle-blocks-advanced-columns has-2-columns has-desktop-equal-layout has-tablet-equal-layout has-mobile-equal-layout has-vertical-unset\"><div class=\"wp-block-themeisle-blocks-advanced-columns-overlay\"><\/div><div class=\"innerblocks-wrap\">\n<div id=\"wp-block-themeisle-blocks-advanced-column-5b8a4f1e\" class=\"wp-block-themeisle-blocks-advanced-column\"><div class=\"wp-block-image\">\n<figure class=\"aligncenter size-medium\"><img loading=\"lazy\" width=\"225\" height=\"300\" src=\"https:\/\/www.ff-katharein.at\/wp\/wp-content\/uploads\/2024\/04\/Stephanie-Treutler-225x300.jpg\" alt=\"\" class=\"wp-image-2885\" srcset=\"https:\/\/www.ff-katharein.at\/wp\/wp-content\/uploads\/2024\/04\/Stephanie-Treutler-225x300.jpg 225w, https:\/\/www.ff-katharein.at\/wp\/wp-content\/uploads\/2024\/04\/Stephanie-Treutler-768x1024.jpg 768w, https:\/\/www.ff-katharein.at\/wp\/wp-content\/uploads\/2024\/04\/Stephanie-Treutler-1152x1536.jpg 1152w, https:\/\/www.ff-katharein.at\/wp\/wp-content\/uploads\/2024\/04\/Stephanie-Treutler-1536x2048.jpg 1536w, https:\/\/www.ff-katharein.at\/wp\/wp-content\/uploads\/2024\/04\/Stephanie-Treutler-scaled.jpg 1920w\" sizes=\"(max-width: 225px) 100vw, 225px\" \/><figcaption>JFM Stephanie Treutler<\/figcaption><\/figure><\/div><\/div>\n\n\n\n<div id=\"wp-block-themeisle-blocks-advanced-column-6771bf32\" class=\"wp-block-themeisle-blocks-advanced-column\"><div class=\"wp-block-image\">\n<figure class=\"aligncenter size-medium\"><img loading=\"lazy\" width=\"225\" height=\"300\" src=\"https:\/\/www.ff-katharein.at\/wp\/wp-content\/uploads\/2024\/04\/Laurenz-Zinner-225x300.jpg\" alt=\"\" class=\"wp-image-2886\" srcset=\"https:\/\/www.ff-katharein.at\/wp\/wp-content\/uploads\/2024\/04\/Laurenz-Zinner-225x300.jpg 225w, https:\/\/www.ff-katharein.at\/wp\/wp-content\/uploads\/2024\/04\/Laurenz-Zinner-768x1024.jpg 768w, https:\/\/www.ff-katharein.at\/wp\/wp-content\/uploads\/2024\/04\/Laurenz-Zinner-1152x1536.jpg 1152w, https:\/\/www.ff-katharein.at\/wp\/wp-content\/uploads\/2024\/04\/Laurenz-Zinner-1536x2048.jpg 1536w, https:\/\/www.ff-katharein.at\/wp\/wp-content\/uploads\/2024\/04\/Laurenz-Zinner-scaled.jpg 1920w\" sizes=\"(max-width: 225px) 100vw, 225px\" \/><figcaption>JFM Laurenz Zinner<\/figcaption><\/figure><\/div><\/div>\n<\/div><\/div>\n\n\n\n<div id=\"wp-block-themeisle-blocks-advanced-columns-ca0be13a\" class=\"wp-block-themeisle-blocks-advanced-columns has-2-columns has-desktop-equal-layout has-tablet-equal-layout has-mobile-equal-layout has-vertical-unset\"><div class=\"wp-block-themeisle-blocks-advanced-columns-overlay\"><\/div><div class=\"innerblocks-wrap\">\n<div id=\"wp-block-themeisle-blocks-advanced-column-011145f3\" class=\"wp-block-themeisle-blocks-advanced-column\"><div class=\"wp-block-image\">\n<figure class=\"aligncenter size-medium\"><img loading=\"lazy\" width=\"225\" height=\"300\" src=\"https:\/\/www.ff-katharein.at\/wp\/wp-content\/uploads\/2024\/04\/Leonhard-Zinner-225x300.jpg\" alt=\"\" class=\"wp-image-2887\" srcset=\"https:\/\/www.ff-katharein.at\/wp\/wp-content\/uploads\/2024\/04\/Leonhard-Zinner-225x300.jpg 225w, https:\/\/www.ff-katharein.at\/wp\/wp-content\/uploads\/2024\/04\/Leonhard-Zinner-768x1024.jpg 768w, https:\/\/www.ff-katharein.at\/wp\/wp-content\/uploads\/2024\/04\/Leonhard-Zinner-1152x1536.jpg 1152w, https:\/\/www.ff-katharein.at\/wp\/wp-content\/uploads\/2024\/04\/Leonhard-Zinner-1536x2048.jpg 1536w, https:\/\/www.ff-katharein.at\/wp\/wp-content\/uploads\/2024\/04\/Leonhard-Zinner-scaled.jpg 1920w\" sizes=\"(max-width: 225px) 100vw, 225px\" \/><figcaption>JFM Leonhard Zinner<\/figcaption><\/figure><\/div><\/div>\n\n\n\n<div id=\"wp-block-themeisle-blocks-advanced-column-224ced13\" class=\"wp-block-themeisle-blocks-advanced-column\"><div class=\"wp-block-image\">\n<figure class=\"aligncenter size-full\"><img loading=\"lazy\" width=\"200\" height=\"250\" src=\"https:\/\/www.ff-katharein.at\/wp\/wp-content\/uploads\/2022\/07\/image-1.png\" alt=\"\" class=\"wp-image-1426\"\/><figcaption>JFM &#8222;Hier k\u00f6nnte dein Name stehen&#8220;<\/figcaption><\/figure><\/div><\/div>\n<\/div><\/div>\n\n\n\n<p class=\"has-text-align-center\">&nbsp;<\/p>\n\n\n\n<p class=\"has-text-align-center has-medium-font-size\">Unter dem Motto <\/p>\n\n\n\n<p class=\"has-text-align-center has-medium-font-size\">&#8222;Verantwortung erfahren, erlenen und erleben&#8220; <\/p>\n\n\n\n<p class=\"has-text-align-center has-medium-font-size\">arbeiten unsere Jugendbeauftragten mit M\u00e4dchen und Burschen unserer Gemeinde zwischen&nbsp;dem 10. und 16. Lebensjahr. <\/p>\n\n\n\n<p class=\"has-text-align-center has-medium-font-size\">Sie versuchen unseren Idealismus weiterzugeben und unsere Jugendfeuerwehrm\u00e4nner:frauen f\u00fcr die Hilfe am N\u00e4chsten zu begeistern.<br>Vielleicht hast auch du Interesse die Feuerwehr kennenzulernen&nbsp;und zu uns zu kommen.<\/p>\n\n\n\n<h2 class=\"has-text-align-center\"><strong>Du bist jederzeit herzlich willkommen.<\/strong><\/h2>\n\n\n\n<p class=\"has-text-align-center\">Andreas Haberl, Jugendwart Tel.: 0676\/4976344<br>Marc Winkler, Jugendwart-Stv. Tel.: 0676\/6455214<\/p>\n\n\n\n<div class=\"wp-container-1 is-content-justification-center wp-block-buttons\">\n<div class=\"wp-block-button is-style-primary\"><a class=\"wp-block-button__link\">Kontaktiere uns jetzt !<\/a><\/div>\n<\/div>\n\n\n\n<ul class=\"wp-container-2 is-content-justification-center wp-block-social-links has-huge-icon-size\"><li class=\"wp-social-link wp-social-link-wordpress wp-block-social-link\"><a href=\"http:\/\/www.ff-katharein.at\/wp\"  class=\"wp-block-social-link-anchor\"><svg width=\"24\" height=\"24\" viewBox=\"0 0 24 24\" version=\"1.1\" xmlns=\"http:\/\/www.w3.org\/2000\/svg\" aria-hidden=\"true\" focusable=\"false\"><path d=\"M12.158,12.786L9.46,20.625c0.806,0.237,1.657,0.366,2.54,0.366c1.047,0,2.051-0.181,2.986-0.51 c-0.024-0.038-0.046-0.079-0.065-0.124L12.158,12.786z M3.009,12c0,3.559,2.068,6.634,5.067,8.092L3.788,8.341 C3.289,9.459,3.009,10.696,3.009,12z M18.069,11.546c0-1.112-0.399-1.881-0.741-2.48c-0.456-0.741-0.883-1.368-0.883-2.109 c0-0.826,0.627-1.596,1.51-1.596c0.04,0,0.078,0.005,0.116,0.007C16.472,3.904,14.34,3.009,12,3.009 c-3.141,0-5.904,1.612-7.512,4.052c0.211,0.007,0.41,0.011,0.579,0.011c0.94,0,2.396-0.114,2.396-0.114 C7.947,6.93,8.004,7.642,7.52,7.699c0,0-0.487,0.057-1.029,0.085l3.274,9.739l1.968-5.901l-1.401-3.838 C9.848,7.756,9.389,7.699,9.389,7.699C8.904,7.67,8.961,6.93,9.446,6.958c0,0,1.484,0.114,2.368,0.114 c0.94,0,2.397-0.114,2.397-0.114c0.485-0.028,0.542,0.684,0.057,0.741c0,0-0.488,0.057-1.029,0.085l3.249,9.665l0.897-2.996 C17.841,13.284,18.069,12.316,18.069,11.546z M19.889,7.686c0.039,0.286,0.06,0.593,0.06,0.924c0,0.912-0.171,1.938-0.684,3.22 l-2.746,7.94c2.673-1.558,4.47-4.454,4.47-7.771C20.991,10.436,20.591,8.967,19.889,7.686z M12,22C6.486,22,2,17.514,2,12 C2,6.486,6.486,2,12,2c5.514,0,10,4.486,10,10C22,17.514,17.514,22,12,22z\"><\/path><\/svg><span class=\"wp-block-social-link-label screen-reader-text\">WordPress<\/span><\/a><\/li>\n\n<li class=\"wp-social-link wp-social-link-facebook wp-block-social-link\"><a href=\"https:\/\/www.facebook.com\/Freiwillige-Feuerwehr-St-Katharein-an-der-Laming-232084242546\"  class=\"wp-block-social-link-anchor\"><svg width=\"24\" height=\"24\" viewBox=\"0 0 24 24\" version=\"1.1\" xmlns=\"http:\/\/www.w3.org\/2000\/svg\" aria-hidden=\"true\" focusable=\"false\"><path d=\"M12 2C6.5 2 2 6.5 2 12c0 5 3.7 9.1 8.4 9.9v-7H7.9V12h2.5V9.8c0-2.5 1.5-3.9 3.8-3.9 1.1 0 2.2.2 2.2.2v2.5h-1.3c-1.2 0-1.6.8-1.6 1.6V12h2.8l-.4 2.9h-2.3v7C18.3 21.1 22 17 22 12c0-5.5-4.5-10-10-10z\"><\/path><\/svg><span class=\"wp-block-social-link-label screen-reader-text\">Facebook<\/span><\/a><\/li>\n\n<li class=\"wp-social-link wp-social-link-instagram wp-block-social-link\"><a href=\"https:\/\/www.instagram.com\/accounts\/login\/?next=\/feuerwehr_st.katharein\/\"  class=\"wp-block-social-link-anchor\"><svg width=\"24\" height=\"24\" viewBox=\"0 0 24 24\" version=\"1.1\" xmlns=\"http:\/\/www.w3.org\/2000\/svg\" aria-hidden=\"true\" focusable=\"false\"><path d=\"M12,4.622c2.403,0,2.688,0.009,3.637,0.052c0.877,0.04,1.354,0.187,1.671,0.31c0.42,0.163,0.72,0.358,1.035,0.673 c0.315,0.315,0.51,0.615,0.673,1.035c0.123,0.317,0.27,0.794,0.31,1.671c0.043,0.949,0.052,1.234,0.052,3.637 s-0.009,2.688-0.052,3.637c-0.04,0.877-0.187,1.354-0.31,1.671c-0.163,0.42-0.358,0.72-0.673,1.035 c-0.315,0.315-0.615,0.51-1.035,0.673c-0.317,0.123-0.794,0.27-1.671,0.31c-0.949,0.043-1.233,0.052-3.637,0.052 s-2.688-0.009-3.637-0.052c-0.877-0.04-1.354-0.187-1.671-0.31c-0.42-0.163-0.72-0.358-1.035-0.673 c-0.315-0.315-0.51-0.615-0.673-1.035c-0.123-0.317-0.27-0.794-0.31-1.671C4.631,14.688,4.622,14.403,4.622,12 s0.009-2.688,0.052-3.637c0.04-0.877,0.187-1.354,0.31-1.671c0.163-0.42,0.358-0.72,0.673-1.035 c0.315-0.315,0.615-0.51,1.035-0.673c0.317-0.123,0.794-0.27,1.671-0.31C9.312,4.631,9.597,4.622,12,4.622 M12,3 C9.556,3,9.249,3.01,8.289,3.054C7.331,3.098,6.677,3.25,6.105,3.472C5.513,3.702,5.011,4.01,4.511,4.511 c-0.5,0.5-0.808,1.002-1.038,1.594C3.25,6.677,3.098,7.331,3.054,8.289C3.01,9.249,3,9.556,3,12c0,2.444,0.01,2.751,0.054,3.711 c0.044,0.958,0.196,1.612,0.418,2.185c0.23,0.592,0.538,1.094,1.038,1.594c0.5,0.5,1.002,0.808,1.594,1.038 c0.572,0.222,1.227,0.375,2.185,0.418C9.249,20.99,9.556,21,12,21s2.751-0.01,3.711-0.054c0.958-0.044,1.612-0.196,2.185-0.418 c0.592-0.23,1.094-0.538,1.594-1.038c0.5-0.5,0.808-1.002,1.038-1.594c0.222-0.572,0.375-1.227,0.418-2.185 C20.99,14.751,21,14.444,21,12s-0.01-2.751-0.054-3.711c-0.044-0.958-0.196-1.612-0.418-2.185c-0.23-0.592-0.538-1.094-1.038-1.594 c-0.5-0.5-1.002-0.808-1.594-1.038c-0.572-0.222-1.227-0.375-2.185-0.418C14.751,3.01,14.444,3,12,3L12,3z M12,7.378 c-2.552,0-4.622,2.069-4.622,4.622S9.448,16.622,12,16.622s4.622-2.069,4.622-4.622S14.552,7.378,12,7.378z M12,15 c-1.657,0-3-1.343-3-3s1.343-3,3-3s3,1.343,3,3S13.657,15,12,15z M16.804,6.116c-0.596,0-1.08,0.484-1.08,1.08 s0.484,1.08,1.08,1.08c0.596,0,1.08-0.484,1.08-1.08S17.401,6.116,16.804,6.116z\"><\/path><\/svg><span class=\"wp-block-social-link-label screen-reader-text\">Instagram<\/span><\/a><\/li><\/ul>\n","protected":false},"excerpt":{"rendered":"<p>&nbsp; Unter dem Motto &#8222;Verantwortung erfahren, erlenen und erleben&#8220; arbeiten unsere Jugendbeauftragten mit M\u00e4dchen und Burschen unserer Gemeinde zwischen&nbsp;dem 10. und 16. Lebensjahr. Sie versuchen unseren Idealismus weiterzugeben und unsere Jugendfeuerwehrm\u00e4nner:frauen f\u00fcr die Hilfe am N\u00e4chsten zu begeistern.Vielleicht hast auch du Interesse die Feuerwehr kennenzulernen&nbsp;und zu uns zu kommen. Du bist jederzeit herzlich willkommen. Andreas&hellip;&nbsp;<a href=\"https:\/\/www.ff-katharein.at\/wp\/?page_id=134\" class=\"\" rel=\"bookmark\">Weiterlesen &raquo;<span class=\"screen-reader-text\">Feuerwehrjugend<\/span><\/a><\/p>\n","protected":false},"author":4,"featured_media":0,"parent":0,"menu_order":0,"comment_status":"closed","ping_status":"closed","template":"","meta":{"neve_meta_sidebar":"","neve_meta_container":"","neve_meta_enable_content_width":"","neve_meta_content_width":0,"neve_meta_title_alignment":"","neve_meta_author_avatar":"","neve_post_elements_order":"","neve_meta_disable_header":"","neve_meta_disable_footer":"","neve_meta_disable_title":"on","ngg_post_thumbnail":0,"_themeisle_gutenberg_block_has_review":false},"_links":{"self":[{"href":"https:\/\/www.ff-katharein.at\/wp\/index.php?rest_route=\/wp\/v2\/pages\/134"}],"collection":[{"href":"https:\/\/www.ff-katharein.at\/wp\/index.php?rest_route=\/wp\/v2\/pages"}],"about":[{"href":"https:\/\/www.ff-katharein.at\/wp\/index.php?rest_route=\/wp\/v2\/types\/page"}],"author":[{"embeddable":true,"href":"https:\/\/www.ff-katharein.at\/wp\/index.php?rest_route=\/wp\/v2\/users\/4"}],"replies":[{"embeddable":true,"href":"https:\/\/www.ff-katharein.at\/wp\/index.php?rest_route=%2Fwp%2Fv2%2Fcomments&post=134"}],"version-history":[{"count":10,"href":"https:\/\/www.ff-katharein.at\/wp\/index.php?rest_route=\/wp\/v2\/pages\/134\/revisions"}],"predecessor-version":[{"id":2901,"href":"https:\/\/www.ff-katharein.at\/wp\/index.php?rest_route=\/wp\/v2\/pages\/134\/revisions\/2901"}],"wp:attachment":[{"href":"https:\/\/www.ff-katharein.at\/wp\/index.php?rest_route=%2Fwp%2Fv2%2Fmedia&parent=134"}],"curies":[{"name":"wp","href":"https:\/\/api.w.org\/{rel}","templated":true}]}}