{"id":1638,"date":"2022-07-20T10:09:58","date_gmt":"2022-07-20T08:09:58","guid":{"rendered":"https:\/\/www.ff-katharein.at\/wp\/?page_id=1638"},"modified":"2022-08-14T09:25:29","modified_gmt":"2022-08-14T07:25:29","slug":"atemschutz","status":"publish","type":"page","link":"https:\/\/www.ff-katharein.at\/wp\/?page_id=1638","title":{"rendered":"Atemschutz"},"content":{"rendered":"\n<div id=\"wp-block-themeisle-blocks-advanced-columns-68885263\" class=\"wp-block-themeisle-blocks-advanced-columns has-2-columns has-desktop-equal-layout has-tablet-equal-layout has-mobile-equal-layout has-vertical-unset\"><div class=\"wp-block-themeisle-blocks-advanced-columns-overlay\"><\/div><div class=\"innerblocks-wrap\">\n<div id=\"wp-block-themeisle-blocks-advanced-column-a0ce00b3\" class=\"wp-block-themeisle-blocks-advanced-column\"><div class=\"wp-block-image\">\n<figure class=\"aligncenter size-large\"><img src=\"https:\/\/www.ff-katharein.at\/wp\/wp-content\/uploads\/2022\/08\/Krauzi-225x300.jpg\" alt=\"\"\/><figcaption>LM d.F. Manuel Krautgartner Atemschutzwart<\/figcaption><\/figure><\/div><\/div>\n\n\n\n<div id=\"wp-block-themeisle-blocks-advanced-column-de37cd20\" class=\"wp-block-themeisle-blocks-advanced-column\">\n<p><\/p>\n<\/div>\n<\/div><\/div>\n\n\n\n<div id=\"wp-block-themeisle-blocks-advanced-columns-ef0eee95\" class=\"wp-block-themeisle-blocks-advanced-columns has-1-columns has-desktop-equal-layout has-tablet-equal-layout has-mobile-equal-layout has-vertical-unset\"><div class=\"wp-block-themeisle-blocks-advanced-columns-overlay\"><\/div><div class=\"innerblocks-wrap\">\n<div id=\"wp-block-themeisle-blocks-advanced-column-243fb044\" class=\"wp-block-themeisle-blocks-advanced-column\"><div class=\"wp-block-themeisle-blocks-posts-grid\" id=\"wp-block-themeisle-blocks-posts-grid-9f3f3b28\"><div class=\"is-list\"><div class=\"o-posts-grid-post-blog o-posts-grid-post-plain\"><div class=\"o-posts-grid-post\"><div class=\"o-posts-grid-post-image\"><a href=\"https:\/\/www.ff-katharein.at\/wp\/?p=3093\"><img width=\"1600\" height=\"1245\" src=\"https:\/\/www.ff-katharein.at\/wp\/wp-content\/uploads\/2024\/12\/image-3.png\" class=\"attachment-full size-full\" alt=\"\" loading=\"lazy\" srcset=\"https:\/\/www.ff-katharein.at\/wp\/wp-content\/uploads\/2024\/12\/image-3.png 1600w, https:\/\/www.ff-katharein.at\/wp\/wp-content\/uploads\/2024\/12\/image-3-300x233.png 300w, https:\/\/www.ff-katharein.at\/wp\/wp-content\/uploads\/2024\/12\/image-3-1024x797.png 1024w, https:\/\/www.ff-katharein.at\/wp\/wp-content\/uploads\/2024\/12\/image-3-768x598.png 768w, https:\/\/www.ff-katharein.at\/wp\/wp-content\/uploads\/2024\/12\/image-3-1536x1195.png 1536w\" sizes=\"(max-width: 1600px) 100vw, 1600px\" \/><\/a><\/div><div class=\"o-posts-grid-post-body\"><span class=\"o-posts-grid-post-category\"><a href=\"https:\/\/www.ff-katharein.at\/wp\/?cat=1\">Allgemein<\/a><\/span><h5 class=\"o-posts-grid-post-title\"><a href=\"https:\/\/www.ff-katharein.at\/wp\/?p=3093\">Wohnhausbrand<\/a><\/h5><p class=\"o-posts-grid-post-meta\">Posted on <time datetime=\"2024-12-15T17:58:19+01:00\">15. Dezember 2024<\/time> by <a href=\"https:\/\/www.ff-katharein.at\/wp\/?author=4\">Markus Schmidhofer<\/a> \/ 0 comments<\/p><div class=\"o-posts-grid-post-description\"><p>Besitzer aus brennendem Wohnhaus gerettet. Am Sonntag, dem 15. Dezember 2024, wurden die Feuerwehren\u2026<\/p><\/div><\/div><\/div><\/div><div class=\"o-posts-grid-post-blog o-posts-grid-post-plain\"><div class=\"o-posts-grid-post\"><div class=\"o-posts-grid-post-image\"><a href=\"https:\/\/www.ff-katharein.at\/wp\/?p=2644\"><img width=\"2000\" height=\"1500\" src=\"https:\/\/www.ff-katharein.at\/wp\/wp-content\/uploads\/2023\/11\/image.png\" class=\"attachment-full size-full\" alt=\"\" loading=\"lazy\" srcset=\"https:\/\/www.ff-katharein.at\/wp\/wp-content\/uploads\/2023\/11\/image.png 2000w, https:\/\/www.ff-katharein.at\/wp\/wp-content\/uploads\/2023\/11\/image-300x225.png 300w, https:\/\/www.ff-katharein.at\/wp\/wp-content\/uploads\/2023\/11\/image-1024x768.png 1024w, https:\/\/www.ff-katharein.at\/wp\/wp-content\/uploads\/2023\/11\/image-768x576.png 768w, https:\/\/www.ff-katharein.at\/wp\/wp-content\/uploads\/2023\/11\/image-1536x1152.png 1536w\" sizes=\"(max-width: 2000px) 100vw, 2000px\" \/><\/a><\/div><div class=\"o-posts-grid-post-body\"><span class=\"o-posts-grid-post-category\"><a href=\"https:\/\/www.ff-katharein.at\/wp\/?cat=6\">Aktuelles<\/a><\/span><h5 class=\"o-posts-grid-post-title\"><a href=\"https:\/\/www.ff-katharein.at\/wp\/?p=2644\">05.11.2023 &#8211; \u00dcbung des Abschnittes Lamingtal<\/a><\/h5><p class=\"o-posts-grid-post-meta\">Posted on <time datetime=\"2023-11-05T17:10:26+01:00\">5. November 2023<\/time> by <a href=\"https:\/\/www.ff-katharein.at\/wp\/?author=4\">Markus Schmidhofer<\/a> \/ 0 comments<\/p><div class=\"o-posts-grid-post-description\"><p>Am 05.11.2023 f\u00fchrte der Abschnitt Lamingtal eine Abschnitts\u00fcbung durch, mit insgesamt \u00fcber 80 Feuer\u2026<\/p><\/div><\/div><\/div><\/div><div class=\"o-posts-grid-post-blog o-posts-grid-post-plain\"><div class=\"o-posts-grid-post\"><div class=\"o-posts-grid-post-image\"><a href=\"https:\/\/www.ff-katharein.at\/wp\/?p=2390\"><img width=\"2048\" height=\"1535\" src=\"https:\/\/www.ff-katharein.at\/wp\/wp-content\/uploads\/2023\/04\/e736b18f-36c8-45f7-b9be-6a8cd5bfb121-4.jpg\" class=\"attachment-full size-full\" alt=\"\" loading=\"lazy\" srcset=\"https:\/\/www.ff-katharein.at\/wp\/wp-content\/uploads\/2023\/04\/e736b18f-36c8-45f7-b9be-6a8cd5bfb121-4.jpg 2048w, https:\/\/www.ff-katharein.at\/wp\/wp-content\/uploads\/2023\/04\/e736b18f-36c8-45f7-b9be-6a8cd5bfb121-4-300x225.jpg 300w, https:\/\/www.ff-katharein.at\/wp\/wp-content\/uploads\/2023\/04\/e736b18f-36c8-45f7-b9be-6a8cd5bfb121-4-1024x768.jpg 1024w, https:\/\/www.ff-katharein.at\/wp\/wp-content\/uploads\/2023\/04\/e736b18f-36c8-45f7-b9be-6a8cd5bfb121-4-768x576.jpg 768w, https:\/\/www.ff-katharein.at\/wp\/wp-content\/uploads\/2023\/04\/e736b18f-36c8-45f7-b9be-6a8cd5bfb121-4-1536x1151.jpg 1536w\" sizes=\"(max-width: 2048px) 100vw, 2048px\" \/><\/a><\/div><div class=\"o-posts-grid-post-body\"><span class=\"o-posts-grid-post-category\"><a href=\"https:\/\/www.ff-katharein.at\/wp\/?cat=6\">Aktuelles<\/a><\/span><h5 class=\"o-posts-grid-post-title\"><a href=\"https:\/\/www.ff-katharein.at\/wp\/?p=2390\">27.04.2023 &#8211; Zimmerbrand<\/a><\/h5><p class=\"o-posts-grid-post-meta\">Posted on <time datetime=\"2023-04-27T20:24:36+02:00\">27. April 2023<\/time> by <a href=\"https:\/\/www.ff-katharein.at\/wp\/?author=4\">Markus Schmidhofer<\/a> \/ 0 comments<\/p><div class=\"o-posts-grid-post-description\"><p>Alarmierung: 14:49 UhrEinsatzende: 17:30 Uhr Eingesetzt waren FF Katharein FF Arndorf FF Trag\u00f6\u00df mit \u2026<\/p><\/div><\/div><\/div><\/div><div class=\"o-posts-grid-post-blog o-posts-grid-post-plain\"><div class=\"o-posts-grid-post\"><div class=\"o-posts-grid-post-image\"><a href=\"https:\/\/www.ff-katharein.at\/wp\/?p=2303\"><img width=\"1600\" height=\"1200\" src=\"https:\/\/www.ff-katharein.at\/wp\/wp-content\/uploads\/2022\/11\/nggallery_import\/A3C8319D-FABB-4326-8CD0-FDD33F6914C2.jpeg\" class=\"attachment-full size-full\" alt=\"\" loading=\"lazy\" srcset=\"https:\/\/www.ff-katharein.at\/wp\/wp-content\/uploads\/2022\/11\/nggallery_import\/A3C8319D-FABB-4326-8CD0-FDD33F6914C2.jpeg 1600w, https:\/\/www.ff-katharein.at\/wp\/wp-content\/uploads\/2022\/11\/nggallery_import\/A3C8319D-FABB-4326-8CD0-FDD33F6914C2-300x225.jpeg 300w, https:\/\/www.ff-katharein.at\/wp\/wp-content\/uploads\/2022\/11\/nggallery_import\/A3C8319D-FABB-4326-8CD0-FDD33F6914C2-1024x768.jpeg 1024w, https:\/\/www.ff-katharein.at\/wp\/wp-content\/uploads\/2022\/11\/nggallery_import\/A3C8319D-FABB-4326-8CD0-FDD33F6914C2-768x576.jpeg 768w, https:\/\/www.ff-katharein.at\/wp\/wp-content\/uploads\/2022\/11\/nggallery_import\/A3C8319D-FABB-4326-8CD0-FDD33F6914C2-1536x1152.jpeg 1536w\" sizes=\"(max-width: 1600px) 100vw, 1600px\" \/><\/a><\/div><div class=\"o-posts-grid-post-body\"><span class=\"o-posts-grid-post-category\"><a href=\"https:\/\/www.ff-katharein.at\/wp\/?cat=6\">Aktuelles<\/a><\/span><h5 class=\"o-posts-grid-post-title\"><a href=\"https:\/\/www.ff-katharein.at\/wp\/?p=2303\">05.11.2022 &#8211; Abschnitts\u00fcbung in Trag\u00f6\u00df<\/a><\/h5><p class=\"o-posts-grid-post-meta\">Posted on <time datetime=\"2022-11-05T17:53:00+01:00\">5. November 2022<\/time> by <a href=\"https:\/\/www.ff-katharein.at\/wp\/?author=4\">Markus Schmidhofer<\/a> \/ 0 comments<\/p><div class=\"o-posts-grid-post-description\"><p>\u00dcbungsannahme Wirtsschaftsgeb\u00e4udebrand beim Anderlbauer mit einigen vermissten Personen. Personenret\u2026<\/p><\/div><\/div><\/div><\/div><div class=\"o-posts-grid-post-blog o-posts-grid-post-plain\"><div class=\"o-posts-grid-post\"><div class=\"o-posts-grid-post-image\"><a href=\"https:\/\/www.ff-katharein.at\/wp\/?p=1811\"><img width=\"1600\" height=\"1200\" src=\"https:\/\/www.ff-katharein.at\/wp\/wp-content\/uploads\/2022\/09\/nggallery_import\/23b85314-4b8c-4a0d-b8d9-dcbfd2fa704f.jpg\" class=\"attachment-full size-full\" alt=\"\" loading=\"lazy\" srcset=\"https:\/\/www.ff-katharein.at\/wp\/wp-content\/uploads\/2022\/09\/nggallery_import\/23b85314-4b8c-4a0d-b8d9-dcbfd2fa704f.jpg 1600w, https:\/\/www.ff-katharein.at\/wp\/wp-content\/uploads\/2022\/09\/nggallery_import\/23b85314-4b8c-4a0d-b8d9-dcbfd2fa704f-300x225.jpg 300w, https:\/\/www.ff-katharein.at\/wp\/wp-content\/uploads\/2022\/09\/nggallery_import\/23b85314-4b8c-4a0d-b8d9-dcbfd2fa704f-1024x768.jpg 1024w, https:\/\/www.ff-katharein.at\/wp\/wp-content\/uploads\/2022\/09\/nggallery_import\/23b85314-4b8c-4a0d-b8d9-dcbfd2fa704f-768x576.jpg 768w, https:\/\/www.ff-katharein.at\/wp\/wp-content\/uploads\/2022\/09\/nggallery_import\/23b85314-4b8c-4a0d-b8d9-dcbfd2fa704f-1536x1152.jpg 1536w\" sizes=\"(max-width: 1600px) 100vw, 1600px\" \/><\/a><\/div><div class=\"o-posts-grid-post-body\"><span class=\"o-posts-grid-post-category\"><a href=\"https:\/\/www.ff-katharein.at\/wp\/?cat=1\">Allgemein<\/a><\/span><h5 class=\"o-posts-grid-post-title\"><a href=\"https:\/\/www.ff-katharein.at\/wp\/?p=1811\">05.09.2022 &#8211; \u00d6FAST<\/a><\/h5><p class=\"o-posts-grid-post-meta\">Posted on <time datetime=\"2022-09-06T07:49:19+02:00\">6. September 2022<\/time> by <a href=\"https:\/\/www.ff-katharein.at\/wp\/?author=4\">Markus Schmidhofer<\/a> \/ 0 comments<\/p><div class=\"o-posts-grid-post-description\"><p>Beim \u00d6FAST (\u00d6sterreichischer Feuerwehr-Atemschutz-Leistungstest) handelt es sich um einen Leistungst\u2026<\/p><\/div><\/div><\/div><\/div><\/div> <\/div><\/div>\n<\/div><\/div>\n","protected":false},"excerpt":{"rendered":"","protected":false},"author":4,"featured_media":0,"parent":0,"menu_order":0,"comment_status":"closed","ping_status":"closed","template":"","meta":{"neve_meta_sidebar":"","neve_meta_container":"","neve_meta_enable_content_width":"","neve_meta_content_width":0,"neve_meta_title_alignment":"","neve_meta_author_avatar":"","neve_post_elements_order":"","neve_meta_disable_header":"","neve_meta_disable_footer":"","neve_meta_disable_title":"","ngg_post_thumbnail":0,"_themeisle_gutenberg_block_has_review":false},"_links":{"self":[{"href":"https:\/\/www.ff-katharein.at\/wp\/index.php?rest_route=\/wp\/v2\/pages\/1638"}],"collection":[{"href":"https:\/\/www.ff-katharein.at\/wp\/index.php?rest_route=\/wp\/v2\/pages"}],"about":[{"href":"https:\/\/www.ff-katharein.at\/wp\/index.php?rest_route=\/wp\/v2\/types\/page"}],"author":[{"embeddable":true,"href":"https:\/\/www.ff-katharein.at\/wp\/index.php?rest_route=\/wp\/v2\/users\/4"}],"replies":[{"embeddable":true,"href":"https:\/\/www.ff-katharein.at\/wp\/index.php?rest_route=%2Fwp%2Fv2%2Fcomments&post=1638"}],"version-history":[{"count":4,"href":"https:\/\/www.ff-katharein.at\/wp\/index.php?rest_route=\/wp\/v2\/pages\/1638\/revisions"}],"predecessor-version":[{"id":1760,"href":"https:\/\/www.ff-katharein.at\/wp\/index.php?rest_route=\/wp\/v2\/pages\/1638\/revisions\/1760"}],"wp:attachment":[{"href":"https:\/\/www.ff-katharein.at\/wp\/index.php?rest_route=%2Fwp%2Fv2%2Fmedia&parent=1638"}],"curies":[{"name":"wp","href":"https:\/\/api.w.org\/{rel}","templated":true}]}}