{"id":1640,"date":"2022-07-20T10:10:20","date_gmt":"2022-07-20T08:10:20","guid":{"rendered":"https:\/\/www.ff-katharein.at\/wp\/?page_id=1640"},"modified":"2022-08-14T09:26:10","modified_gmt":"2022-08-14T07:26:10","slug":"funk","status":"publish","type":"page","link":"https:\/\/www.ff-katharein.at\/wp\/?page_id=1640","title":{"rendered":"Funk"},"content":{"rendered":"\n<div id=\"wp-block-themeisle-blocks-advanced-columns-e8d24884\" class=\"wp-block-themeisle-blocks-advanced-columns has-1-columns has-desktop-equal-layout has-tablet-equal-layout has-mobile-equal-layout has-vertical-unset\"><div class=\"wp-block-themeisle-blocks-advanced-columns-overlay\"><\/div><div class=\"innerblocks-wrap\">\n<div id=\"wp-block-themeisle-blocks-advanced-column-b3420553\" class=\"wp-block-themeisle-blocks-advanced-column\">\n<p class=\"has-text-align-center\">Funkbeauftragter:<br>Zust\u00e4ndig f\u00fcr Funk und Kommunikation, Wartung der BOS Digitalfunkger\u00e4te, Ausbildung Funkgrundlehrgang und Funkbewerbe,<br>Lagef\u00fchrung, Einsatzdokumentation, Schulungen und \u00dcbungen im Umgang mit Digitalfunkger\u00e4ten<\/p>\n<\/div>\n<\/div><\/div>\n\n\n\n<div id=\"wp-block-themeisle-blocks-advanced-columns-ba8e7e8b\" class=\"wp-block-themeisle-blocks-advanced-columns has-2-columns has-desktop-equal-layout has-tablet-equal-layout has-mobile-equal-layout has-vertical-unset\"><div class=\"wp-block-themeisle-blocks-advanced-columns-overlay\"><\/div><div class=\"innerblocks-wrap\">\n<div id=\"wp-block-themeisle-blocks-advanced-column-d5efad8b\" class=\"wp-block-themeisle-blocks-advanced-column\"><div class=\"wp-block-image\">\n<figure class=\"aligncenter size-large\"><img src=\"https:\/\/www.ff-katharein.at\/wp\/wp-content\/uploads\/2022\/08\/Marcus-225x300.jpg\" alt=\"\"\/><figcaption>HLM d.F. Marcus Theiler Funkwart<\/figcaption><\/figure><\/div><\/div>\n\n\n\n<div id=\"wp-block-themeisle-blocks-advanced-column-33747bdf\" class=\"wp-block-themeisle-blocks-advanced-column\">\n<p><\/p>\n\n\n\n<p class=\"has-text-align-left\"><em>&#8222;Das Funkwesen zu betreuen ist ein interessantes und abwechslungsreiches Sachgebiet innerhalb der Feuerwehr, dass von der Alarmierung \u00fcber Kommunikation im Einsatz und Einsatzdokumentation bis hin zur Lagef\u00fchrung bei Gro\u00dfschadensereignissen reicht, Freude macht mir auch die Mitarbeit in der Ausbildung auf Feuerwehr- und Bereichsebene sowie die Berwertert\u00e4tigkeit bei Funkbewerben als Bereichs- und Landesbewerter&#8220;<\/em> &#8211;<em> HLM d.F. Marcus Theiler<\/em><\/p>\n<\/div>\n<\/div><\/div>\n\n\n\n<div id=\"wp-block-themeisle-blocks-advanced-columns-df341cbc\" class=\"wp-block-themeisle-blocks-advanced-columns has-1-columns has-desktop-equal-layout has-tablet-equal-layout has-mobile-equal-layout has-vertical-unset\"><div class=\"wp-block-themeisle-blocks-advanced-columns-overlay\"><\/div><div class=\"innerblocks-wrap\">\n<div id=\"wp-block-themeisle-blocks-advanced-column-22d8c94b\" class=\"wp-block-themeisle-blocks-advanced-column\"><div class=\"wp-block-themeisle-blocks-posts-grid\" id=\"wp-block-themeisle-blocks-posts-grid-f2120c30\"><div class=\"is-grid o-posts-grid-columns-3\"><div class=\"o-posts-grid-post-blog o-posts-grid-post-plain\"><div class=\"o-posts-grid-post\"><div class=\"o-posts-grid-post-image\"><a href=\"https:\/\/www.ff-katharein.at\/wp\/?p=3386\"><img width=\"1600\" height=\"1200\" src=\"https:\/\/www.ff-katharein.at\/wp\/wp-content\/uploads\/2026\/03\/image-21.png\" class=\"attachment-full size-full\" alt=\"\" loading=\"lazy\" srcset=\"https:\/\/www.ff-katharein.at\/wp\/wp-content\/uploads\/2026\/03\/image-21.png 1600w, https:\/\/www.ff-katharein.at\/wp\/wp-content\/uploads\/2026\/03\/image-21-300x225.png 300w, https:\/\/www.ff-katharein.at\/wp\/wp-content\/uploads\/2026\/03\/image-21-1024x768.png 1024w, https:\/\/www.ff-katharein.at\/wp\/wp-content\/uploads\/2026\/03\/image-21-768x576.png 768w, https:\/\/www.ff-katharein.at\/wp\/wp-content\/uploads\/2026\/03\/image-21-1536x1152.png 1536w\" sizes=\"(max-width: 1600px) 100vw, 1600px\" \/><\/a><\/div><div class=\"o-posts-grid-post-body\"><span class=\"o-posts-grid-post-category\"><a href=\"https:\/\/www.ff-katharein.at\/wp\/?cat=6\">Aktuelles<\/a><\/span><h5 class=\"o-posts-grid-post-title\"><a href=\"https:\/\/www.ff-katharein.at\/wp\/?p=3386\">Funkgrundlehrgang<\/a><\/h5><p class=\"o-posts-grid-post-meta\">Posted on <time datetime=\"2026-03-21T09:07:00+01:00\">21. M\u00e4rz 2026<\/time> by <a href=\"https:\/\/www.ff-katharein.at\/wp\/?author=4\">Markus Schmidhofer<\/a> \/ 0 comments<\/p><div class=\"o-posts-grid-post-description\"><p>Hannah, Felix, Dominik, Marco und Philip haben den Funkgrundlehrgang erfolgreich absolviert. Wir gra\u2026<\/p><\/div><\/div><\/div><\/div><div class=\"o-posts-grid-post-blog o-posts-grid-post-plain\"><div class=\"o-posts-grid-post\"><div class=\"o-posts-grid-post-image\"><a href=\"https:\/\/www.ff-katharein.at\/wp\/?p=3167\"><img width=\"1600\" height=\"1600\" src=\"https:\/\/www.ff-katharein.at\/wp\/wp-content\/uploads\/2025\/03\/image-1.png\" class=\"attachment-full size-full\" alt=\"\" loading=\"lazy\" srcset=\"https:\/\/www.ff-katharein.at\/wp\/wp-content\/uploads\/2025\/03\/image-1.png 1600w, https:\/\/www.ff-katharein.at\/wp\/wp-content\/uploads\/2025\/03\/image-1-300x300.png 300w, https:\/\/www.ff-katharein.at\/wp\/wp-content\/uploads\/2025\/03\/image-1-1024x1024.png 1024w, https:\/\/www.ff-katharein.at\/wp\/wp-content\/uploads\/2025\/03\/image-1-150x150.png 150w, https:\/\/www.ff-katharein.at\/wp\/wp-content\/uploads\/2025\/03\/image-1-768x768.png 768w, https:\/\/www.ff-katharein.at\/wp\/wp-content\/uploads\/2025\/03\/image-1-1536x1536.png 1536w\" sizes=\"(max-width: 1600px) 100vw, 1600px\" \/><\/a><\/div><div class=\"o-posts-grid-post-body\"><span class=\"o-posts-grid-post-category\"><a href=\"https:\/\/www.ff-katharein.at\/wp\/?cat=1\">Allgemein<\/a><\/span><h5 class=\"o-posts-grid-post-title\"><a href=\"https:\/\/www.ff-katharein.at\/wp\/?p=3167\">Erfolgreicher Abschluss des Funkgrundlehrgangs<\/a><\/h5><p class=\"o-posts-grid-post-meta\">Posted on <time datetime=\"2025-03-29T16:40:24+01:00\">29. M\u00e4rz 2025<\/time> by <a href=\"https:\/\/www.ff-katharein.at\/wp\/?author=4\">Markus Schmidhofer<\/a> \/ 0 comments<\/p><div class=\"o-posts-grid-post-description\"><p>Die Feuerwehr St. Katharein freut sich, \u00fcber die erfolgreiche Teilnahme ihrer Mitglieder am Funkgrun\u2026<\/p><\/div><\/div><\/div><\/div><div class=\"o-posts-grid-post-blog o-posts-grid-post-plain\"><div class=\"o-posts-grid-post\"><div class=\"o-posts-grid-post-image\"><a href=\"https:\/\/www.ff-katharein.at\/wp\/?p=3017\"><img width=\"1500\" height=\"2000\" src=\"https:\/\/www.ff-katharein.at\/wp\/wp-content\/uploads\/2024\/10\/WhatsApp-Image-2024-10-05-at-16.44.30.jpeg\" class=\"attachment-full size-full\" alt=\"\" loading=\"lazy\" srcset=\"https:\/\/www.ff-katharein.at\/wp\/wp-content\/uploads\/2024\/10\/WhatsApp-Image-2024-10-05-at-16.44.30.jpeg 1500w, https:\/\/www.ff-katharein.at\/wp\/wp-content\/uploads\/2024\/10\/WhatsApp-Image-2024-10-05-at-16.44.30-225x300.jpeg 225w, https:\/\/www.ff-katharein.at\/wp\/wp-content\/uploads\/2024\/10\/WhatsApp-Image-2024-10-05-at-16.44.30-768x1024.jpeg 768w, https:\/\/www.ff-katharein.at\/wp\/wp-content\/uploads\/2024\/10\/WhatsApp-Image-2024-10-05-at-16.44.30-1152x1536.jpeg 1152w\" sizes=\"(max-width: 1500px) 100vw, 1500px\" \/><\/a><\/div><div class=\"o-posts-grid-post-body\"><span class=\"o-posts-grid-post-category\"><a href=\"https:\/\/www.ff-katharein.at\/wp\/?cat=6\">Aktuelles<\/a><\/span><h5 class=\"o-posts-grid-post-title\"><a href=\"https:\/\/www.ff-katharein.at\/wp\/?p=3017\">Bereichssieg FULA Patrick &#8211; 05.10.2024<\/a><\/h5><p class=\"o-posts-grid-post-meta\">Posted on <time datetime=\"2024-10-05T08:25:30+02:00\">5. Oktober 2024<\/time> by <a href=\"https:\/\/www.ff-katharein.at\/wp\/?author=4\">Markus Schmidhofer<\/a> \/ 0 comments<\/p><div class=\"o-posts-grid-post-description\"><p>Bereichssieg FULA Patrick Zum dritten Mal Tagessieg und Gewinner des Wanderpokals Patrick Gruppensie\u2026<\/p><\/div><\/div><\/div><\/div><div class=\"o-posts-grid-post-blog o-posts-grid-post-plain\"><div class=\"o-posts-grid-post\"><div class=\"o-posts-grid-post-image\"><a href=\"https:\/\/www.ff-katharein.at\/wp\/?p=2644\"><img width=\"2000\" height=\"1500\" src=\"https:\/\/www.ff-katharein.at\/wp\/wp-content\/uploads\/2023\/11\/image.png\" class=\"attachment-full size-full\" alt=\"\" loading=\"lazy\" srcset=\"https:\/\/www.ff-katharein.at\/wp\/wp-content\/uploads\/2023\/11\/image.png 2000w, https:\/\/www.ff-katharein.at\/wp\/wp-content\/uploads\/2023\/11\/image-300x225.png 300w, https:\/\/www.ff-katharein.at\/wp\/wp-content\/uploads\/2023\/11\/image-1024x768.png 1024w, https:\/\/www.ff-katharein.at\/wp\/wp-content\/uploads\/2023\/11\/image-768x576.png 768w, https:\/\/www.ff-katharein.at\/wp\/wp-content\/uploads\/2023\/11\/image-1536x1152.png 1536w\" sizes=\"(max-width: 2000px) 100vw, 2000px\" \/><\/a><\/div><div class=\"o-posts-grid-post-body\"><span class=\"o-posts-grid-post-category\"><a href=\"https:\/\/www.ff-katharein.at\/wp\/?cat=6\">Aktuelles<\/a><\/span><h5 class=\"o-posts-grid-post-title\"><a href=\"https:\/\/www.ff-katharein.at\/wp\/?p=2644\">05.11.2023 &#8211; \u00dcbung des Abschnittes Lamingtal<\/a><\/h5><p class=\"o-posts-grid-post-meta\">Posted on <time datetime=\"2023-11-05T17:10:26+01:00\">5. November 2023<\/time> by <a href=\"https:\/\/www.ff-katharein.at\/wp\/?author=4\">Markus Schmidhofer<\/a> \/ 0 comments<\/p><div class=\"o-posts-grid-post-description\"><p>Am 05.11.2023 f\u00fchrte der Abschnitt Lamingtal eine Abschnitts\u00fcbung durch, mit insgesamt \u00fcber 80 Feuer\u2026<\/p><\/div><\/div><\/div><\/div><div class=\"o-posts-grid-post-blog o-posts-grid-post-plain\"><div class=\"o-posts-grid-post\"><div class=\"o-posts-grid-post-image\"><a href=\"https:\/\/www.ff-katharein.at\/wp\/?p=2629\"><img width=\"2000\" height=\"1500\" src=\"https:\/\/www.ff-katharein.at\/wp\/wp-content\/uploads\/2023\/10\/image-1.png\" class=\"attachment-full size-full\" alt=\"\" loading=\"lazy\" srcset=\"https:\/\/www.ff-katharein.at\/wp\/wp-content\/uploads\/2023\/10\/image-1.png 2000w, https:\/\/www.ff-katharein.at\/wp\/wp-content\/uploads\/2023\/10\/image-1-300x225.png 300w, https:\/\/www.ff-katharein.at\/wp\/wp-content\/uploads\/2023\/10\/image-1-1024x768.png 1024w, https:\/\/www.ff-katharein.at\/wp\/wp-content\/uploads\/2023\/10\/image-1-768x576.png 768w, https:\/\/www.ff-katharein.at\/wp\/wp-content\/uploads\/2023\/10\/image-1-1536x1152.png 1536w\" sizes=\"(max-width: 2000px) 100vw, 2000px\" \/><\/a><\/div><div class=\"o-posts-grid-post-body\"><span class=\"o-posts-grid-post-category\"><a href=\"https:\/\/www.ff-katharein.at\/wp\/?cat=1\">Allgemein<\/a><\/span><h5 class=\"o-posts-grid-post-title\"><a href=\"https:\/\/www.ff-katharein.at\/wp\/?p=2629\">07.10.2023 &#8211; 25. Funkleistungsbewerb<\/a><\/h5><p class=\"o-posts-grid-post-meta\">Posted on <time datetime=\"2023-10-07T19:51:03+02:00\">7. Oktober 2023<\/time> by <a href=\"https:\/\/www.ff-katharein.at\/wp\/?author=4\">Markus Schmidhofer<\/a> \/ 0 comments<\/p><div class=\"o-posts-grid-post-description\"><p>Beim 25. Funkleistungsbewerb in St. Peter Freienstein gab es spannende Wettk\u00e4mpfe und beeindruckende\u2026<\/p><\/div><\/div><\/div><\/div><\/div> <\/div><\/div>\n<\/div><\/div>\n","protected":false},"excerpt":{"rendered":"","protected":false},"author":4,"featured_media":0,"parent":0,"menu_order":0,"comment_status":"closed","ping_status":"closed","template":"","meta":{"neve_meta_sidebar":"","neve_meta_container":"","neve_meta_enable_content_width":"","neve_meta_content_width":0,"neve_meta_title_alignment":"","neve_meta_author_avatar":"","neve_post_elements_order":"","neve_meta_disable_header":"","neve_meta_disable_footer":"","neve_meta_disable_title":"","ngg_post_thumbnail":0,"_themeisle_gutenberg_block_has_review":false},"_links":{"self":[{"href":"https:\/\/www.ff-katharein.at\/wp\/index.php?rest_route=\/wp\/v2\/pages\/1640"}],"collection":[{"href":"https:\/\/www.ff-katharein.at\/wp\/index.php?rest_route=\/wp\/v2\/pages"}],"about":[{"href":"https:\/\/www.ff-katharein.at\/wp\/index.php?rest_route=\/wp\/v2\/types\/page"}],"author":[{"embeddable":true,"href":"https:\/\/www.ff-katharein.at\/wp\/index.php?rest_route=\/wp\/v2\/users\/4"}],"replies":[{"embeddable":true,"href":"https:\/\/www.ff-katharein.at\/wp\/index.php?rest_route=%2Fwp%2Fv2%2Fcomments&post=1640"}],"version-history":[{"count":6,"href":"https:\/\/www.ff-katharein.at\/wp\/index.php?rest_route=\/wp\/v2\/pages\/1640\/revisions"}],"predecessor-version":[{"id":1762,"href":"https:\/\/www.ff-katharein.at\/wp\/index.php?rest_route=\/wp\/v2\/pages\/1640\/revisions\/1762"}],"wp:attachment":[{"href":"https:\/\/www.ff-katharein.at\/wp\/index.php?rest_route=%2Fwp%2Fv2%2Fmedia&parent=1640"}],"curies":[{"name":"wp","href":"https:\/\/api.w.org\/{rel}","templated":true}]}}