{"id":1645,"date":"2022-07-20T10:12:29","date_gmt":"2022-07-20T08:12:29","guid":{"rendered":"https:\/\/www.ff-katharein.at\/wp\/?page_id=1645"},"modified":"2022-08-14T09:27:32","modified_gmt":"2022-08-14T07:27:32","slug":"geraete-maschinenwart","status":"publish","type":"page","link":"https:\/\/www.ff-katharein.at\/wp\/?page_id=1645","title":{"rendered":"Ger\u00e4te &#038; Maschinen"},"content":{"rendered":"\n<div id=\"wp-block-themeisle-blocks-advanced-columns-fbe4482e\" class=\"wp-block-themeisle-blocks-advanced-columns has-2-columns has-desktop-equal-layout has-tablet-equal-layout has-mobile-equal-layout has-vertical-unset\"><div class=\"wp-block-themeisle-blocks-advanced-columns-overlay\"><\/div><div class=\"innerblocks-wrap\">\n<div id=\"wp-block-themeisle-blocks-advanced-column-2e60d241\" class=\"wp-block-themeisle-blocks-advanced-column\"><div class=\"wp-block-image\">\n<figure class=\"aligncenter size-large\"><img src=\"https:\/\/www.ff-katharein.at\/wp\/wp-content\/uploads\/2022\/08\/martin-225x300.jpg\" alt=\"\"\/><figcaption>OBM Martin Sommerauer<br>Ger\u00e4tewart<\/figcaption><\/figure><\/div><\/div>\n\n\n\n<div id=\"wp-block-themeisle-blocks-advanced-column-e44b7bcc\" class=\"wp-block-themeisle-blocks-advanced-column\">\n<p><\/p>\n<\/div>\n<\/div><\/div>\n\n\n\n<div id=\"wp-block-themeisle-blocks-advanced-columns-34fe9803\" class=\"wp-block-themeisle-blocks-advanced-columns has-1-columns has-desktop-equal-layout has-tablet-equal-layout has-mobile-equal-layout has-vertical-unset\"><div class=\"wp-block-themeisle-blocks-advanced-columns-overlay\"><\/div><div class=\"innerblocks-wrap\">\n<div id=\"wp-block-themeisle-blocks-advanced-column-f7a82baa\" class=\"wp-block-themeisle-blocks-advanced-column\"><div class=\"wp-block-themeisle-blocks-posts-grid\" id=\"wp-block-themeisle-blocks-posts-grid-ad369cc3\"><div class=\"is-grid o-posts-grid-columns-2\"><div class=\"o-posts-grid-post-blog o-posts-grid-post-plain\"><div class=\"o-posts-grid-post\"><div class=\"o-posts-grid-post-image\"><a href=\"https:\/\/www.ff-katharein.at\/wp\/?p=3399\"><img width=\"2048\" height=\"2048\" src=\"https:\/\/www.ff-katharein.at\/wp\/wp-content\/uploads\/2026\/04\/image.png\" class=\"attachment-full size-full\" alt=\"\" loading=\"lazy\" srcset=\"https:\/\/www.ff-katharein.at\/wp\/wp-content\/uploads\/2026\/04\/image.png 2048w, https:\/\/www.ff-katharein.at\/wp\/wp-content\/uploads\/2026\/04\/image-300x300.png 300w, https:\/\/www.ff-katharein.at\/wp\/wp-content\/uploads\/2026\/04\/image-1024x1024.png 1024w, https:\/\/www.ff-katharein.at\/wp\/wp-content\/uploads\/2026\/04\/image-150x150.png 150w, https:\/\/www.ff-katharein.at\/wp\/wp-content\/uploads\/2026\/04\/image-768x768.png 768w, https:\/\/www.ff-katharein.at\/wp\/wp-content\/uploads\/2026\/04\/image-1536x1536.png 1536w\" sizes=\"(max-width: 2048px) 100vw, 2048px\" \/><\/a><\/div><div class=\"o-posts-grid-post-body\"><span class=\"o-posts-grid-post-category\"><a href=\"https:\/\/www.ff-katharein.at\/wp\/?cat=1\">Allgemein<\/a><\/span><h5 class=\"o-posts-grid-post-title\"><a href=\"https:\/\/www.ff-katharein.at\/wp\/?p=3399\">Montags\u00fcbung<\/a><\/h5><p class=\"o-posts-grid-post-meta\">Posted on <time datetime=\"2026-04-29T19:52:14+02:00\">29. April 2026<\/time> by <a href=\"https:\/\/www.ff-katharein.at\/wp\/?author=4\">Markus Schmidhofer<\/a> \/ 0 comments<\/p><div class=\"o-posts-grid-post-description\"><p>Aufgrund der gro\u00dfen Waldbrandgefahr in der Steiermark, besch\u00e4ftigten wir uns bei unserer Montags\u00fcbun\u2026<\/p><\/div><\/div><\/div><\/div><div class=\"o-posts-grid-post-blog o-posts-grid-post-plain\"><div class=\"o-posts-grid-post\"><div class=\"o-posts-grid-post-image\"><a href=\"https:\/\/www.ff-katharein.at\/wp\/?p=3284\"><img width=\"1600\" height=\"1200\" src=\"https:\/\/www.ff-katharein.at\/wp\/wp-content\/uploads\/2025\/12\/357c1c62-38a7-44d5-a15f-da545b81a0f1.png\" class=\"attachment-full size-full\" alt=\"\" loading=\"lazy\" srcset=\"https:\/\/www.ff-katharein.at\/wp\/wp-content\/uploads\/2025\/12\/357c1c62-38a7-44d5-a15f-da545b81a0f1.png 1600w, https:\/\/www.ff-katharein.at\/wp\/wp-content\/uploads\/2025\/12\/357c1c62-38a7-44d5-a15f-da545b81a0f1-300x225.png 300w, https:\/\/www.ff-katharein.at\/wp\/wp-content\/uploads\/2025\/12\/357c1c62-38a7-44d5-a15f-da545b81a0f1-1024x768.png 1024w, https:\/\/www.ff-katharein.at\/wp\/wp-content\/uploads\/2025\/12\/357c1c62-38a7-44d5-a15f-da545b81a0f1-768x576.png 768w, https:\/\/www.ff-katharein.at\/wp\/wp-content\/uploads\/2025\/12\/357c1c62-38a7-44d5-a15f-da545b81a0f1-1536x1152.png 1536w\" sizes=\"(max-width: 1600px) 100vw, 1600px\" \/><\/a><\/div><div class=\"o-posts-grid-post-body\"><span class=\"o-posts-grid-post-category\"><a href=\"https:\/\/www.ff-katharein.at\/wp\/?cat=6\">Aktuelles<\/a><\/span><h5 class=\"o-posts-grid-post-title\"><a href=\"https:\/\/www.ff-katharein.at\/wp\/?p=3284\">Fahrzeugbergung<\/a><\/h5><p class=\"o-posts-grid-post-meta\">Posted on <time datetime=\"2025-12-16T19:13:45+01:00\">16. Dezember 2025<\/time> by <a href=\"https:\/\/www.ff-katharein.at\/wp\/?author=4\">Markus Schmidhofer<\/a> \/ 0 comments<\/p><div class=\"o-posts-grid-post-description\"><p>Am 16.12.2025 um 14:44 Uhr wurden die Feuerwehren Etmissl und St. Katharein an der Laming zu einem T\u2026<\/p><\/div><\/div><\/div><\/div><div class=\"o-posts-grid-post-blog o-posts-grid-post-plain\"><div class=\"o-posts-grid-post\"><div class=\"o-posts-grid-post-image\"><a href=\"https:\/\/www.ff-katharein.at\/wp\/?p=3265\"><img width=\"1600\" height=\"1200\" src=\"https:\/\/www.ff-katharein.at\/wp\/wp-content\/uploads\/2025\/11\/Bild_2025-11-16_102842392.png\" class=\"attachment-full size-full\" alt=\"\" loading=\"lazy\" srcset=\"https:\/\/www.ff-katharein.at\/wp\/wp-content\/uploads\/2025\/11\/Bild_2025-11-16_102842392.png 1600w, https:\/\/www.ff-katharein.at\/wp\/wp-content\/uploads\/2025\/11\/Bild_2025-11-16_102842392-300x225.png 300w, https:\/\/www.ff-katharein.at\/wp\/wp-content\/uploads\/2025\/11\/Bild_2025-11-16_102842392-1024x768.png 1024w, https:\/\/www.ff-katharein.at\/wp\/wp-content\/uploads\/2025\/11\/Bild_2025-11-16_102842392-768x576.png 768w, https:\/\/www.ff-katharein.at\/wp\/wp-content\/uploads\/2025\/11\/Bild_2025-11-16_102842392-1536x1152.png 1536w\" sizes=\"(max-width: 1600px) 100vw, 1600px\" \/><\/a><\/div><div class=\"o-posts-grid-post-body\"><span class=\"o-posts-grid-post-category\"><a href=\"https:\/\/www.ff-katharein.at\/wp\/?cat=6\">Aktuelles<\/a><\/span><h5 class=\"o-posts-grid-post-title\"><a href=\"https:\/\/www.ff-katharein.at\/wp\/?p=3265\">Branddienstleistungspr\u00fcfung<\/a><\/h5><p class=\"o-posts-grid-post-meta\">Posted on <time datetime=\"2025-11-16T10:36:52+01:00\">16. November 2025<\/time> by <a href=\"https:\/\/www.ff-katharein.at\/wp\/?author=4\">Markus Schmidhofer<\/a> \/ 0 comments<\/p><div class=\"o-posts-grid-post-description\"><p>Am Samstag, den 15.11.2025, fand bei der FF Trag\u00f6\u00df die Branddienstleistungspr\u00fcfung des Abschnitts La\u2026<\/p><\/div><\/div><\/div><\/div><div class=\"o-posts-grid-post-blog o-posts-grid-post-plain\"><div class=\"o-posts-grid-post\"><div class=\"o-posts-grid-post-image\"><a href=\"https:\/\/www.ff-katharein.at\/wp\/?p=3228\"><img width=\"1600\" height=\"1200\" src=\"https:\/\/www.ff-katharein.at\/wp\/wp-content\/uploads\/2025\/09\/image-13.png\" class=\"attachment-full size-full\" alt=\"\" loading=\"lazy\" srcset=\"https:\/\/www.ff-katharein.at\/wp\/wp-content\/uploads\/2025\/09\/image-13.png 1600w, https:\/\/www.ff-katharein.at\/wp\/wp-content\/uploads\/2025\/09\/image-13-300x225.png 300w, https:\/\/www.ff-katharein.at\/wp\/wp-content\/uploads\/2025\/09\/image-13-1024x768.png 1024w, https:\/\/www.ff-katharein.at\/wp\/wp-content\/uploads\/2025\/09\/image-13-768x576.png 768w, https:\/\/www.ff-katharein.at\/wp\/wp-content\/uploads\/2025\/09\/image-13-1536x1152.png 1536w\" sizes=\"(max-width: 1600px) 100vw, 1600px\" \/><\/a><\/div><div class=\"o-posts-grid-post-body\"><span class=\"o-posts-grid-post-category\"><a href=\"https:\/\/www.ff-katharein.at\/wp\/?cat=6\">Aktuelles<\/a><\/span><h5 class=\"o-posts-grid-post-title\"><a href=\"https:\/\/www.ff-katharein.at\/wp\/?p=3228\">Gemeinsame \u00dcbung den Feuerwehren Etmissl und St. Katharein<\/a><\/h5><p class=\"o-posts-grid-post-meta\">Posted on <time datetime=\"2025-09-30T19:53:14+02:00\">30. September 2025<\/time> by <a href=\"https:\/\/www.ff-katharein.at\/wp\/?author=4\">Markus Schmidhofer<\/a> \/ 0 comments<\/p><div class=\"o-posts-grid-post-description\"><p>In regelm\u00e4\u00dfigen Abst\u00e4nden f\u00fchren die Feuerwehren Etmissl und St. Katharein gemeinsame \u00dcbungen im Ber\u2026<\/p><\/div><\/div><\/div><\/div><div class=\"o-posts-grid-post-blog o-posts-grid-post-plain\"><div class=\"o-posts-grid-post\"><div class=\"o-posts-grid-post-image\"><a href=\"https:\/\/www.ff-katharein.at\/wp\/?p=3175\"><img width=\"899\" height=\"1599\" src=\"https:\/\/www.ff-katharein.at\/wp\/wp-content\/uploads\/2025\/04\/image.png\" class=\"attachment-full size-full\" alt=\"\" loading=\"lazy\" srcset=\"https:\/\/www.ff-katharein.at\/wp\/wp-content\/uploads\/2025\/04\/image.png 899w, https:\/\/www.ff-katharein.at\/wp\/wp-content\/uploads\/2025\/04\/image-169x300.png 169w, https:\/\/www.ff-katharein.at\/wp\/wp-content\/uploads\/2025\/04\/image-576x1024.png 576w, https:\/\/www.ff-katharein.at\/wp\/wp-content\/uploads\/2025\/04\/image-768x1366.png 768w, https:\/\/www.ff-katharein.at\/wp\/wp-content\/uploads\/2025\/04\/image-864x1536.png 864w\" sizes=\"(max-width: 899px) 100vw, 899px\" \/><\/a><\/div><div class=\"o-posts-grid-post-body\"><span class=\"o-posts-grid-post-category\"><a href=\"https:\/\/www.ff-katharein.at\/wp\/?cat=6\">Aktuelles<\/a><\/span><h5 class=\"o-posts-grid-post-title\"><a href=\"https:\/\/www.ff-katharein.at\/wp\/?p=3175\">1:8 Trainingslager<\/a><\/h5><p class=\"o-posts-grid-post-meta\">Posted on <time datetime=\"2025-04-14T20:23:44+02:00\">14. April 2025<\/time> by <a href=\"https:\/\/www.ff-katharein.at\/wp\/?author=4\">Markus Schmidhofer<\/a> \/ 0 comments<\/p><div class=\"o-posts-grid-post-description\"><p>Ein intensives und zugleich kameradschaftliches Wochenende liegt hinter uns:Bei unserem 1:8 Training\u2026<\/p><\/div><\/div><\/div><\/div><\/div> <\/div><\/div>\n<\/div><\/div>\n","protected":false},"excerpt":{"rendered":"","protected":false},"author":4,"featured_media":0,"parent":0,"menu_order":0,"comment_status":"closed","ping_status":"closed","template":"","meta":{"neve_meta_sidebar":"","neve_meta_container":"","neve_meta_enable_content_width":"","neve_meta_content_width":0,"neve_meta_title_alignment":"","neve_meta_author_avatar":"","neve_post_elements_order":"","neve_meta_disable_header":"","neve_meta_disable_footer":"","neve_meta_disable_title":"","ngg_post_thumbnail":0,"_themeisle_gutenberg_block_has_review":false},"_links":{"self":[{"href":"https:\/\/www.ff-katharein.at\/wp\/index.php?rest_route=\/wp\/v2\/pages\/1645"}],"collection":[{"href":"https:\/\/www.ff-katharein.at\/wp\/index.php?rest_route=\/wp\/v2\/pages"}],"about":[{"href":"https:\/\/www.ff-katharein.at\/wp\/index.php?rest_route=\/wp\/v2\/types\/page"}],"author":[{"embeddable":true,"href":"https:\/\/www.ff-katharein.at\/wp\/index.php?rest_route=\/wp\/v2\/users\/4"}],"replies":[{"embeddable":true,"href":"https:\/\/www.ff-katharein.at\/wp\/index.php?rest_route=%2Fwp%2Fv2%2Fcomments&post=1645"}],"version-history":[{"count":7,"href":"https:\/\/www.ff-katharein.at\/wp\/index.php?rest_route=\/wp\/v2\/pages\/1645\/revisions"}],"predecessor-version":[{"id":1765,"href":"https:\/\/www.ff-katharein.at\/wp\/index.php?rest_route=\/wp\/v2\/pages\/1645\/revisions\/1765"}],"wp:attachment":[{"href":"https:\/\/www.ff-katharein.at\/wp\/index.php?rest_route=%2Fwp%2Fv2%2Fmedia&parent=1645"}],"curies":[{"name":"wp","href":"https:\/\/api.w.org\/{rel}","templated":true}]}}