{"id":1647,"date":"2022-07-20T10:12:47","date_gmt":"2022-07-20T08:12:47","guid":{"rendered":"https:\/\/www.ff-katharein.at\/wp\/?page_id=1647"},"modified":"2022-08-14T09:30:55","modified_gmt":"2022-08-14T07:30:55","slug":"ausbildung","status":"publish","type":"page","link":"https:\/\/www.ff-katharein.at\/wp\/?page_id=1647","title":{"rendered":"Ausbildung"},"content":{"rendered":"\n<div id=\"wp-block-themeisle-blocks-advanced-columns-c0fc2fe0\" class=\"wp-block-themeisle-blocks-advanced-columns has-2-columns has-desktop-equal-layout has-tablet-equal-layout has-mobile-equal-layout has-vertical-unset\"><div class=\"wp-block-themeisle-blocks-advanced-columns-overlay\"><\/div><div class=\"innerblocks-wrap\">\n<div id=\"wp-block-themeisle-blocks-advanced-column-c5fb5a96\" class=\"wp-block-themeisle-blocks-advanced-column\"><div class=\"wp-block-image\">\n<figure class=\"aligncenter size-large\"><img src=\"https:\/\/www.ff-katharein.at\/wp\/wp-content\/uploads\/2022\/08\/bux-225x300.jpg\" alt=\"\"\/><figcaption>BM Daniel Pichler<\/figcaption><\/figure><\/div><\/div>\n\n\n\n<div id=\"wp-block-themeisle-blocks-advanced-column-fec5eddb\" class=\"wp-block-themeisle-blocks-advanced-column\">\n<p><\/p>\n<\/div>\n<\/div><\/div>\n\n\n\n<div id=\"wp-block-themeisle-blocks-advanced-columns-0126ba7c\" class=\"wp-block-themeisle-blocks-advanced-columns has-1-columns has-desktop-equal-layout has-tablet-equal-layout has-mobile-equal-layout has-vertical-unset\"><div class=\"wp-block-themeisle-blocks-advanced-columns-overlay\"><\/div><div class=\"innerblocks-wrap\">\n<div id=\"wp-block-themeisle-blocks-advanced-column-03cd9f21\" class=\"wp-block-themeisle-blocks-advanced-column\"><div class=\"wp-block-themeisle-blocks-posts-grid\" id=\"wp-block-themeisle-blocks-posts-grid-061bb25f\"><div class=\"is-grid o-posts-grid-columns-3\"><div class=\"o-posts-grid-post-blog o-posts-grid-post-plain\"><div class=\"o-posts-grid-post\"><div class=\"o-posts-grid-post-image\"><a href=\"https:\/\/www.ff-katharein.at\/wp\/?p=3386\"><img width=\"1600\" height=\"1200\" src=\"https:\/\/www.ff-katharein.at\/wp\/wp-content\/uploads\/2026\/03\/image-21.png\" class=\"attachment-full size-full\" alt=\"\" loading=\"lazy\" srcset=\"https:\/\/www.ff-katharein.at\/wp\/wp-content\/uploads\/2026\/03\/image-21.png 1600w, https:\/\/www.ff-katharein.at\/wp\/wp-content\/uploads\/2026\/03\/image-21-300x225.png 300w, https:\/\/www.ff-katharein.at\/wp\/wp-content\/uploads\/2026\/03\/image-21-1024x768.png 1024w, https:\/\/www.ff-katharein.at\/wp\/wp-content\/uploads\/2026\/03\/image-21-768x576.png 768w, https:\/\/www.ff-katharein.at\/wp\/wp-content\/uploads\/2026\/03\/image-21-1536x1152.png 1536w\" sizes=\"(max-width: 1600px) 100vw, 1600px\" \/><\/a><\/div><div class=\"o-posts-grid-post-body\"><span class=\"o-posts-grid-post-category\"><a href=\"https:\/\/www.ff-katharein.at\/wp\/?cat=6\">Aktuelles<\/a><\/span><h5 class=\"o-posts-grid-post-title\"><a href=\"https:\/\/www.ff-katharein.at\/wp\/?p=3386\">Funkgrundlehrgang<\/a><\/h5><p class=\"o-posts-grid-post-meta\">Posted on <time datetime=\"2026-03-21T09:07:00+01:00\">21. M\u00e4rz 2026<\/time> by <a href=\"https:\/\/www.ff-katharein.at\/wp\/?author=4\">Markus Schmidhofer<\/a> \/ 0 comments<\/p><div class=\"o-posts-grid-post-description\"><p>Hannah, Felix, Dominik, Marco und Philip haben den Funkgrundlehrgang erfolgreich absolviert. Wir gra\u2026<\/p><\/div><\/div><\/div><\/div><div class=\"o-posts-grid-post-blog o-posts-grid-post-plain\"><div class=\"o-posts-grid-post\"><div class=\"o-posts-grid-post-image\"><a href=\"https:\/\/www.ff-katharein.at\/wp\/?p=3265\"><img width=\"1600\" height=\"1200\" src=\"https:\/\/www.ff-katharein.at\/wp\/wp-content\/uploads\/2025\/11\/Bild_2025-11-16_102842392.png\" class=\"attachment-full size-full\" alt=\"\" loading=\"lazy\" srcset=\"https:\/\/www.ff-katharein.at\/wp\/wp-content\/uploads\/2025\/11\/Bild_2025-11-16_102842392.png 1600w, https:\/\/www.ff-katharein.at\/wp\/wp-content\/uploads\/2025\/11\/Bild_2025-11-16_102842392-300x225.png 300w, https:\/\/www.ff-katharein.at\/wp\/wp-content\/uploads\/2025\/11\/Bild_2025-11-16_102842392-1024x768.png 1024w, https:\/\/www.ff-katharein.at\/wp\/wp-content\/uploads\/2025\/11\/Bild_2025-11-16_102842392-768x576.png 768w, https:\/\/www.ff-katharein.at\/wp\/wp-content\/uploads\/2025\/11\/Bild_2025-11-16_102842392-1536x1152.png 1536w\" sizes=\"(max-width: 1600px) 100vw, 1600px\" \/><\/a><\/div><div class=\"o-posts-grid-post-body\"><span class=\"o-posts-grid-post-category\"><a href=\"https:\/\/www.ff-katharein.at\/wp\/?cat=6\">Aktuelles<\/a><\/span><h5 class=\"o-posts-grid-post-title\"><a href=\"https:\/\/www.ff-katharein.at\/wp\/?p=3265\">Branddienstleistungspr\u00fcfung<\/a><\/h5><p class=\"o-posts-grid-post-meta\">Posted on <time datetime=\"2025-11-16T10:36:52+01:00\">16. November 2025<\/time> by <a href=\"https:\/\/www.ff-katharein.at\/wp\/?author=4\">Markus Schmidhofer<\/a> \/ 0 comments<\/p><div class=\"o-posts-grid-post-description\"><p>Am Samstag, den 15.11.2025, fand bei der FF Trag\u00f6\u00df die Branddienstleistungspr\u00fcfung des Abschnitts La\u2026<\/p><\/div><\/div><\/div><\/div><div class=\"o-posts-grid-post-blog o-posts-grid-post-plain\"><div class=\"o-posts-grid-post\"><div class=\"o-posts-grid-post-image\"><a href=\"https:\/\/www.ff-katharein.at\/wp\/?p=3262\"><img width=\"1000\" height=\"750\" src=\"https:\/\/www.ff-katharein.at\/wp\/wp-content\/uploads\/2025\/11\/image.png\" class=\"attachment-full size-full\" alt=\"\" loading=\"lazy\" srcset=\"https:\/\/www.ff-katharein.at\/wp\/wp-content\/uploads\/2025\/11\/image.png 1000w, https:\/\/www.ff-katharein.at\/wp\/wp-content\/uploads\/2025\/11\/image-300x225.png 300w, https:\/\/www.ff-katharein.at\/wp\/wp-content\/uploads\/2025\/11\/image-768x576.png 768w\" sizes=\"(max-width: 1000px) 100vw, 1000px\" \/><\/a><\/div><div class=\"o-posts-grid-post-body\"><span class=\"o-posts-grid-post-category\"><a href=\"https:\/\/www.ff-katharein.at\/wp\/?cat=6\">Aktuelles<\/a><\/span><h5 class=\"o-posts-grid-post-title\"><a href=\"https:\/\/www.ff-katharein.at\/wp\/?p=3262\">Bewerterspange in Gold<\/a><\/h5><p class=\"o-posts-grid-post-meta\">Posted on <time datetime=\"2025-11-09T11:47:43+01:00\">9. November 2025<\/time> by <a href=\"https:\/\/www.ff-katharein.at\/wp\/?author=4\">Markus Schmidhofer<\/a> \/ 0 comments<\/p><div class=\"o-posts-grid-post-description\"><p>F\u00fcr langj\u00e4hrige Bewertert\u00e4tigkeit bei den Bewerben um das Funkleistungsabzeichen wurde am Samstag, d\u2026<\/p><\/div><\/div><\/div><\/div><div class=\"o-posts-grid-post-blog o-posts-grid-post-plain\"><div class=\"o-posts-grid-post\"><div class=\"o-posts-grid-post-image\"><a href=\"https:\/\/www.ff-katharein.at\/wp\/?p=3245\"><img width=\"1600\" height=\"1200\" src=\"https:\/\/www.ff-katharein.at\/wp\/wp-content\/uploads\/2025\/10\/image.png\" class=\"attachment-full size-full\" alt=\"\" loading=\"lazy\" srcset=\"https:\/\/www.ff-katharein.at\/wp\/wp-content\/uploads\/2025\/10\/image.png 1600w, https:\/\/www.ff-katharein.at\/wp\/wp-content\/uploads\/2025\/10\/image-300x225.png 300w, https:\/\/www.ff-katharein.at\/wp\/wp-content\/uploads\/2025\/10\/image-1024x768.png 1024w, https:\/\/www.ff-katharein.at\/wp\/wp-content\/uploads\/2025\/10\/image-768x576.png 768w, https:\/\/www.ff-katharein.at\/wp\/wp-content\/uploads\/2025\/10\/image-1536x1152.png 1536w\" sizes=\"(max-width: 1600px) 100vw, 1600px\" \/><\/a><\/div><div class=\"o-posts-grid-post-body\"><span class=\"o-posts-grid-post-category\"><a href=\"https:\/\/www.ff-katharein.at\/wp\/?cat=6\">Aktuelles<\/a><\/span><h5 class=\"o-posts-grid-post-title\"><a href=\"https:\/\/www.ff-katharein.at\/wp\/?p=3245\">Wissenstestspiel und Wissenstest des BFV Bruck\/Mur.<\/a><\/h5><p class=\"o-posts-grid-post-meta\">Posted on <time datetime=\"2025-10-13T18:47:48+02:00\">13. Oktober 2025<\/time> by <a href=\"https:\/\/www.ff-katharein.at\/wp\/?author=4\">Markus Schmidhofer<\/a> \/ 0 comments<\/p><div class=\"o-posts-grid-post-description\"><p>Unsere 14 M\u00e4dchen und Burschen der Feuerwehrjugend nahmen, nach einer guten Vorbereitung, an dieser \u2026<\/p><\/div><\/div><\/div><\/div><div class=\"o-posts-grid-post-blog o-posts-grid-post-plain\"><div class=\"o-posts-grid-post\"><div class=\"o-posts-grid-post-image\"><a href=\"https:\/\/www.ff-katharein.at\/wp\/?p=3228\"><img width=\"1600\" height=\"1200\" src=\"https:\/\/www.ff-katharein.at\/wp\/wp-content\/uploads\/2025\/09\/image-13.png\" class=\"attachment-full size-full\" alt=\"\" loading=\"lazy\" srcset=\"https:\/\/www.ff-katharein.at\/wp\/wp-content\/uploads\/2025\/09\/image-13.png 1600w, https:\/\/www.ff-katharein.at\/wp\/wp-content\/uploads\/2025\/09\/image-13-300x225.png 300w, https:\/\/www.ff-katharein.at\/wp\/wp-content\/uploads\/2025\/09\/image-13-1024x768.png 1024w, https:\/\/www.ff-katharein.at\/wp\/wp-content\/uploads\/2025\/09\/image-13-768x576.png 768w, https:\/\/www.ff-katharein.at\/wp\/wp-content\/uploads\/2025\/09\/image-13-1536x1152.png 1536w\" sizes=\"(max-width: 1600px) 100vw, 1600px\" \/><\/a><\/div><div class=\"o-posts-grid-post-body\"><span class=\"o-posts-grid-post-category\"><a href=\"https:\/\/www.ff-katharein.at\/wp\/?cat=6\">Aktuelles<\/a><\/span><h5 class=\"o-posts-grid-post-title\"><a href=\"https:\/\/www.ff-katharein.at\/wp\/?p=3228\">Gemeinsame \u00dcbung den Feuerwehren Etmissl und St. Katharein<\/a><\/h5><p class=\"o-posts-grid-post-meta\">Posted on <time datetime=\"2025-09-30T19:53:14+02:00\">30. September 2025<\/time> by <a href=\"https:\/\/www.ff-katharein.at\/wp\/?author=4\">Markus Schmidhofer<\/a> \/ 0 comments<\/p><div class=\"o-posts-grid-post-description\"><p>In regelm\u00e4\u00dfigen Abst\u00e4nden f\u00fchren die Feuerwehren Etmissl und St. Katharein gemeinsame \u00dcbungen im Ber\u2026<\/p><\/div><\/div><\/div><\/div><\/div> <\/div><\/div>\n<\/div><\/div>\n","protected":false},"excerpt":{"rendered":"","protected":false},"author":4,"featured_media":0,"parent":0,"menu_order":0,"comment_status":"closed","ping_status":"closed","template":"","meta":{"neve_meta_sidebar":"","neve_meta_container":"","neve_meta_enable_content_width":"","neve_meta_content_width":0,"neve_meta_title_alignment":"","neve_meta_author_avatar":"","neve_post_elements_order":"","neve_meta_disable_header":"","neve_meta_disable_footer":"","neve_meta_disable_title":"","ngg_post_thumbnail":0,"_themeisle_gutenberg_block_has_review":false},"_links":{"self":[{"href":"https:\/\/www.ff-katharein.at\/wp\/index.php?rest_route=\/wp\/v2\/pages\/1647"}],"collection":[{"href":"https:\/\/www.ff-katharein.at\/wp\/index.php?rest_route=\/wp\/v2\/pages"}],"about":[{"href":"https:\/\/www.ff-katharein.at\/wp\/index.php?rest_route=\/wp\/v2\/types\/page"}],"author":[{"embeddable":true,"href":"https:\/\/www.ff-katharein.at\/wp\/index.php?rest_route=\/wp\/v2\/users\/4"}],"replies":[{"embeddable":true,"href":"https:\/\/www.ff-katharein.at\/wp\/index.php?rest_route=%2Fwp%2Fv2%2Fcomments&post=1647"}],"version-history":[{"count":4,"href":"https:\/\/www.ff-katharein.at\/wp\/index.php?rest_route=\/wp\/v2\/pages\/1647\/revisions"}],"predecessor-version":[{"id":1766,"href":"https:\/\/www.ff-katharein.at\/wp\/index.php?rest_route=\/wp\/v2\/pages\/1647\/revisions\/1766"}],"wp:attachment":[{"href":"https:\/\/www.ff-katharein.at\/wp\/index.php?rest_route=%2Fwp%2Fv2%2Fmedia&parent=1647"}],"curies":[{"name":"wp","href":"https:\/\/api.w.org\/{rel}","templated":true}]}}