{"id":1649,"date":"2022-07-20T10:13:04","date_gmt":"2022-07-20T08:13:04","guid":{"rendered":"https:\/\/www.ff-katharein.at\/wp\/?page_id=1649"},"modified":"2022-07-20T11:13:46","modified_gmt":"2022-07-20T09:13:46","slug":"bewerbe","status":"publish","type":"page","link":"https:\/\/www.ff-katharein.at\/wp\/?page_id=1649","title":{"rendered":"Bewerbe"},"content":{"rendered":"\n<div id=\"wp-block-themeisle-blocks-advanced-columns-d97c4184\" class=\"wp-block-themeisle-blocks-advanced-columns has-1-columns has-desktop-equal-layout has-tablet-equal-layout has-mobile-equal-layout has-vertical-unset\"><div class=\"wp-block-themeisle-blocks-advanced-columns-overlay\"><\/div><div class=\"innerblocks-wrap\">\n<div id=\"wp-block-themeisle-blocks-advanced-column-9c1715dd\" class=\"wp-block-themeisle-blocks-advanced-column\"><div class=\"wp-block-themeisle-blocks-posts-grid\" id=\"wp-block-themeisle-blocks-posts-grid-434027cd\"><div class=\"is-grid o-posts-grid-columns-3\"><div class=\"o-posts-grid-post-blog o-posts-grid-post-plain\"><div class=\"o-posts-grid-post\"><div class=\"o-posts-grid-post-image\"><a href=\"https:\/\/www.ff-katharein.at\/wp\/?p=3265\"><img width=\"1600\" height=\"1200\" src=\"https:\/\/www.ff-katharein.at\/wp\/wp-content\/uploads\/2025\/11\/Bild_2025-11-16_102842392.png\" class=\"attachment-full size-full\" alt=\"\" loading=\"lazy\" srcset=\"https:\/\/www.ff-katharein.at\/wp\/wp-content\/uploads\/2025\/11\/Bild_2025-11-16_102842392.png 1600w, https:\/\/www.ff-katharein.at\/wp\/wp-content\/uploads\/2025\/11\/Bild_2025-11-16_102842392-300x225.png 300w, https:\/\/www.ff-katharein.at\/wp\/wp-content\/uploads\/2025\/11\/Bild_2025-11-16_102842392-1024x768.png 1024w, https:\/\/www.ff-katharein.at\/wp\/wp-content\/uploads\/2025\/11\/Bild_2025-11-16_102842392-768x576.png 768w, https:\/\/www.ff-katharein.at\/wp\/wp-content\/uploads\/2025\/11\/Bild_2025-11-16_102842392-1536x1152.png 1536w\" sizes=\"(max-width: 1600px) 100vw, 1600px\" \/><\/a><\/div><div class=\"o-posts-grid-post-body\"><span class=\"o-posts-grid-post-category\"><a href=\"https:\/\/www.ff-katharein.at\/wp\/?cat=6\">Aktuelles<\/a><\/span><h5 class=\"o-posts-grid-post-title\"><a href=\"https:\/\/www.ff-katharein.at\/wp\/?p=3265\">Branddienstleistungspr\u00fcfung<\/a><\/h5><p class=\"o-posts-grid-post-meta\">Posted on <time datetime=\"2025-11-16T10:36:52+01:00\">16. November 2025<\/time> by <a href=\"https:\/\/www.ff-katharein.at\/wp\/?author=4\">Markus Schmidhofer<\/a> \/ 0 comments<\/p><div class=\"o-posts-grid-post-description\"><p>Am Samstag, den 15.11.2025, fand bei der FF Trag\u00f6\u00df die Branddienstleistungspr\u00fcfung des Abschnitts La\u2026<\/p><\/div><\/div><\/div><\/div><div class=\"o-posts-grid-post-blog o-posts-grid-post-plain\"><div class=\"o-posts-grid-post\"><div class=\"o-posts-grid-post-image\"><a href=\"https:\/\/www.ff-katharein.at\/wp\/?p=3262\"><img width=\"1000\" height=\"750\" src=\"https:\/\/www.ff-katharein.at\/wp\/wp-content\/uploads\/2025\/11\/image.png\" class=\"attachment-full size-full\" alt=\"\" loading=\"lazy\" srcset=\"https:\/\/www.ff-katharein.at\/wp\/wp-content\/uploads\/2025\/11\/image.png 1000w, https:\/\/www.ff-katharein.at\/wp\/wp-content\/uploads\/2025\/11\/image-300x225.png 300w, https:\/\/www.ff-katharein.at\/wp\/wp-content\/uploads\/2025\/11\/image-768x576.png 768w\" sizes=\"(max-width: 1000px) 100vw, 1000px\" \/><\/a><\/div><div class=\"o-posts-grid-post-body\"><span class=\"o-posts-grid-post-category\"><a href=\"https:\/\/www.ff-katharein.at\/wp\/?cat=6\">Aktuelles<\/a><\/span><h5 class=\"o-posts-grid-post-title\"><a href=\"https:\/\/www.ff-katharein.at\/wp\/?p=3262\">Bewerterspange in Gold<\/a><\/h5><p class=\"o-posts-grid-post-meta\">Posted on <time datetime=\"2025-11-09T11:47:43+01:00\">9. November 2025<\/time> by <a href=\"https:\/\/www.ff-katharein.at\/wp\/?author=4\">Markus Schmidhofer<\/a> \/ 0 comments<\/p><div class=\"o-posts-grid-post-description\"><p>F\u00fcr langj\u00e4hrige Bewertert\u00e4tigkeit bei den Bewerben um das Funkleistungsabzeichen wurde am Samstag, d\u2026<\/p><\/div><\/div><\/div><\/div><div class=\"o-posts-grid-post-blog o-posts-grid-post-plain\"><div class=\"o-posts-grid-post\"><div class=\"o-posts-grid-post-image\"><a href=\"https:\/\/www.ff-katharein.at\/wp\/?p=3175\"><img width=\"899\" height=\"1599\" src=\"https:\/\/www.ff-katharein.at\/wp\/wp-content\/uploads\/2025\/04\/image.png\" class=\"attachment-full size-full\" alt=\"\" loading=\"lazy\" srcset=\"https:\/\/www.ff-katharein.at\/wp\/wp-content\/uploads\/2025\/04\/image.png 899w, https:\/\/www.ff-katharein.at\/wp\/wp-content\/uploads\/2025\/04\/image-169x300.png 169w, https:\/\/www.ff-katharein.at\/wp\/wp-content\/uploads\/2025\/04\/image-576x1024.png 576w, https:\/\/www.ff-katharein.at\/wp\/wp-content\/uploads\/2025\/04\/image-768x1366.png 768w, https:\/\/www.ff-katharein.at\/wp\/wp-content\/uploads\/2025\/04\/image-864x1536.png 864w\" sizes=\"(max-width: 899px) 100vw, 899px\" \/><\/a><\/div><div class=\"o-posts-grid-post-body\"><span class=\"o-posts-grid-post-category\"><a href=\"https:\/\/www.ff-katharein.at\/wp\/?cat=6\">Aktuelles<\/a><\/span><h5 class=\"o-posts-grid-post-title\"><a href=\"https:\/\/www.ff-katharein.at\/wp\/?p=3175\">1:8 Trainingslager<\/a><\/h5><p class=\"o-posts-grid-post-meta\">Posted on <time datetime=\"2025-04-14T20:23:44+02:00\">14. April 2025<\/time> by <a href=\"https:\/\/www.ff-katharein.at\/wp\/?author=4\">Markus Schmidhofer<\/a> \/ 0 comments<\/p><div class=\"o-posts-grid-post-description\"><p>Ein intensives und zugleich kameradschaftliches Wochenende liegt hinter uns:Bei unserem 1:8 Training\u2026<\/p><\/div><\/div><\/div><\/div><div class=\"o-posts-grid-post-blog o-posts-grid-post-plain\"><div class=\"o-posts-grid-post\"><div class=\"o-posts-grid-post-image\"><a href=\"https:\/\/www.ff-katharein.at\/wp\/?p=3017\"><img width=\"1500\" height=\"2000\" src=\"https:\/\/www.ff-katharein.at\/wp\/wp-content\/uploads\/2024\/10\/WhatsApp-Image-2024-10-05-at-16.44.30.jpeg\" class=\"attachment-full size-full\" alt=\"\" loading=\"lazy\" srcset=\"https:\/\/www.ff-katharein.at\/wp\/wp-content\/uploads\/2024\/10\/WhatsApp-Image-2024-10-05-at-16.44.30.jpeg 1500w, https:\/\/www.ff-katharein.at\/wp\/wp-content\/uploads\/2024\/10\/WhatsApp-Image-2024-10-05-at-16.44.30-225x300.jpeg 225w, https:\/\/www.ff-katharein.at\/wp\/wp-content\/uploads\/2024\/10\/WhatsApp-Image-2024-10-05-at-16.44.30-768x1024.jpeg 768w, https:\/\/www.ff-katharein.at\/wp\/wp-content\/uploads\/2024\/10\/WhatsApp-Image-2024-10-05-at-16.44.30-1152x1536.jpeg 1152w\" sizes=\"(max-width: 1500px) 100vw, 1500px\" \/><\/a><\/div><div class=\"o-posts-grid-post-body\"><span class=\"o-posts-grid-post-category\"><a href=\"https:\/\/www.ff-katharein.at\/wp\/?cat=6\">Aktuelles<\/a><\/span><h5 class=\"o-posts-grid-post-title\"><a href=\"https:\/\/www.ff-katharein.at\/wp\/?p=3017\">Bereichssieg FULA Patrick &#8211; 05.10.2024<\/a><\/h5><p class=\"o-posts-grid-post-meta\">Posted on <time datetime=\"2024-10-05T08:25:30+02:00\">5. Oktober 2024<\/time> by <a href=\"https:\/\/www.ff-katharein.at\/wp\/?author=4\">Markus Schmidhofer<\/a> \/ 0 comments<\/p><div class=\"o-posts-grid-post-description\"><p>Bereichssieg FULA Patrick Zum dritten Mal Tagessieg und Gewinner des Wanderpokals Patrick Gruppensie\u2026<\/p><\/div><\/div><\/div><\/div><div class=\"o-posts-grid-post-blog o-posts-grid-post-plain\"><div class=\"o-posts-grid-post\"><div class=\"o-posts-grid-post-image\"><a href=\"https:\/\/www.ff-katharein.at\/wp\/?p=2928\"><img width=\"1640\" height=\"924\" src=\"https:\/\/www.ff-katharein.at\/wp\/wp-content\/uploads\/2024\/07\/419007762_122096223884187356_1801931074125694524_n.png\" class=\"attachment-full size-full\" alt=\"\" loading=\"lazy\" srcset=\"https:\/\/www.ff-katharein.at\/wp\/wp-content\/uploads\/2024\/07\/419007762_122096223884187356_1801931074125694524_n.png 1640w, https:\/\/www.ff-katharein.at\/wp\/wp-content\/uploads\/2024\/07\/419007762_122096223884187356_1801931074125694524_n-300x169.png 300w, https:\/\/www.ff-katharein.at\/wp\/wp-content\/uploads\/2024\/07\/419007762_122096223884187356_1801931074125694524_n-1024x577.png 1024w, https:\/\/www.ff-katharein.at\/wp\/wp-content\/uploads\/2024\/07\/419007762_122096223884187356_1801931074125694524_n-768x433.png 768w, https:\/\/www.ff-katharein.at\/wp\/wp-content\/uploads\/2024\/07\/419007762_122096223884187356_1801931074125694524_n-1536x865.png 1536w\" sizes=\"(max-width: 1640px) 100vw, 1640px\" \/><\/a><\/div><div class=\"o-posts-grid-post-body\"><span class=\"o-posts-grid-post-category\"><a href=\"https:\/\/www.ff-katharein.at\/wp\/?cat=6\">Aktuelles<\/a><\/span><h5 class=\"o-posts-grid-post-title\"><a href=\"https:\/\/www.ff-katharein.at\/wp\/?p=2928\">52. Landesfeuerwehr &#8211; Jugendleitstungsbewerb &#8211; 06.07.2024<\/a><\/h5><p class=\"o-posts-grid-post-meta\">Posted on <time datetime=\"2024-07-06T14:21:39+02:00\">6. Juli 2024<\/time> by <a href=\"https:\/\/www.ff-katharein.at\/wp\/?author=4\">Markus Schmidhofer<\/a> \/ 0 comments<\/p><div class=\"o-posts-grid-post-description\"><p>Unsere Feuerwehrjugend nahm heuer mit 9+1(FF-Arndorf) Teilnehmern am diesj\u00e4hrigen Jugendleistungsbew\u2026<\/p><\/div><\/div><\/div><\/div><\/div> <\/div><\/div>\n<\/div><\/div>\n","protected":false},"excerpt":{"rendered":"","protected":false},"author":4,"featured_media":0,"parent":0,"menu_order":0,"comment_status":"closed","ping_status":"closed","template":"","meta":{"neve_meta_sidebar":"","neve_meta_container":"","neve_meta_enable_content_width":"","neve_meta_content_width":0,"neve_meta_title_alignment":"","neve_meta_author_avatar":"","neve_post_elements_order":"","neve_meta_disable_header":"","neve_meta_disable_footer":"","neve_meta_disable_title":"","ngg_post_thumbnail":0,"_themeisle_gutenberg_block_has_review":false},"_links":{"self":[{"href":"https:\/\/www.ff-katharein.at\/wp\/index.php?rest_route=\/wp\/v2\/pages\/1649"}],"collection":[{"href":"https:\/\/www.ff-katharein.at\/wp\/index.php?rest_route=\/wp\/v2\/pages"}],"about":[{"href":"https:\/\/www.ff-katharein.at\/wp\/index.php?rest_route=\/wp\/v2\/types\/page"}],"author":[{"embeddable":true,"href":"https:\/\/www.ff-katharein.at\/wp\/index.php?rest_route=\/wp\/v2\/users\/4"}],"replies":[{"embeddable":true,"href":"https:\/\/www.ff-katharein.at\/wp\/index.php?rest_route=%2Fwp%2Fv2%2Fcomments&post=1649"}],"version-history":[{"count":3,"href":"https:\/\/www.ff-katharein.at\/wp\/index.php?rest_route=\/wp\/v2\/pages\/1649\/revisions"}],"predecessor-version":[{"id":1685,"href":"https:\/\/www.ff-katharein.at\/wp\/index.php?rest_route=\/wp\/v2\/pages\/1649\/revisions\/1685"}],"wp:attachment":[{"href":"https:\/\/www.ff-katharein.at\/wp\/index.php?rest_route=%2Fwp%2Fv2%2Fmedia&parent=1649"}],"curies":[{"name":"wp","href":"https:\/\/api.w.org\/{rel}","templated":true}]}}