{"id":65,"date":"2018-03-28T14:56:39","date_gmt":"2018-03-28T12:56:39","guid":{"rendered":"http:\/\/www.ff-katharein.at\/wp\/?page_id=65"},"modified":"2022-07-01T10:14:16","modified_gmt":"2022-07-01T08:14:16","slug":"geschichte","status":"publish","type":"page","link":"https:\/\/www.ff-katharein.at\/wp\/?page_id=65","title":{"rendered":"Geschichte"},"content":{"rendered":"<table border=\"0\" width=\"650\">\n<tbody>\n<tr>\n<td width=\"153\"><strong>1886<\/strong><\/td>\n<td width=\"487\">Konstituierende Versammlung<\/td>\n<\/tr>\n<tr>\n<td><strong>20. Dezember 1886<\/strong><\/td>\n<td>Anton Rhaba wird einstimmig zum Wehrhauptmann bestellt (17 Mitglieder).<\/p>\n<p><img src=\"http:\/\/www.ff-katharein.at\/hp_neu\/images\/Geschichte\/gruendungshauptmann%20(Custom).JPG\" alt=\"\" border=\"0\" \/><\/td>\n<\/tr>\n<tr>\n<td><strong>4. Mai 1889<\/strong><\/td>\n<td>Einstimmiger Beschluss: Jedes Wehrmitglied muss einen monatlichen Beitrag von 10 Kreuzern leisten.<\/td>\n<\/tr>\n<tr>\n<td><strong>15. August 1889<\/strong><\/td>\n<td>Ankauf von Strickleitern und einer Einsteigeleiter.<\/td>\n<\/tr>\n<tr>\n<td><strong>15. August 1891<\/strong><\/td>\n<td>Anton Gruber wird zum Hauptmann gew\u00e4hlt.<\/td>\n<\/tr>\n<tr>\n<td><strong>13. Februar 1892<\/strong><\/td>\n<td>Ankauf einer Handdruckspritze. Kaiser Franz Joseph I. \u00fcbersendet der Feuerwehr St. Katharein eine Spende von 50 Gulden.<\/td>\n<\/tr>\n<tr>\n<td><strong>1899<\/strong><\/td>\n<td>Gustav Suchnig von der Firma Carl Greinitz&#8217;s Neffen wird zum Repr\u00e4sentanten unserer Wehr ernannt.<\/td>\n<\/tr>\n<tr>\n<td><strong>1913<\/strong><\/td>\n<td>Brand des Objektes Zechner, vlg. Gritschen.<\/td>\n<\/tr>\n<tr>\n<td><strong>1918<\/strong><\/td>\n<td>Brand des Wohnhaueses und des Wirtschaftsgeb\u00e4udes Bayerl, vlg. Schattleitner.<\/td>\n<\/tr>\n<tr>\n<td><strong>1919<\/strong><\/td>\n<td>Brand des Wohnhauses H\u00fcttbacher.<\/td>\n<\/tr>\n<tr>\n<td><strong>1920<\/strong><\/td>\n<td>Brand des S\u00e4gewerks Ramsauer.<\/td>\n<\/tr>\n<tr>\n<td><strong>1922<\/strong><\/td>\n<td><img src=\"http:\/\/www.ff-katharein.at\/hp_neu\/images\/Geschichte\/1922%20(Custom).JPG\" alt=\"\" border=\"0\" \/><\/td>\n<\/tr>\n<tr>\n<td><strong>15. April 1924<\/strong><\/td>\n<td>Brand der M\u00fchle und des S\u00e4gewerks Illmayer sowie des Stahlgeb\u00e4udes der Familie Krautgartner.<\/td>\n<\/tr>\n<tr>\n<td><strong>1927<\/strong><\/td>\n<td>Brand des Objektes Prammer, vlg. Schlager. Hierbei wurde erstmals eine Motorspritze eingesetzt.<\/td>\n<\/tr>\n<tr>\n<td><strong>19.\/20. Juli 1928<\/strong><\/td>\n<td>Brand des Gasthauses Schmied &#8211; Mauc (heute Moik). Die Flammen erfassen auch den mit Schindeln gedeckten Kirchturm und gef\u00e4hrden die umliegenden H\u00e4user.<\/td>\n<\/tr>\n<tr>\n<td><strong>1928<\/strong><\/td>\n<td>Anschaffung eines motorisierten L\u00f6schfahrzeuges.<\/p>\n<p><img src=\"http:\/\/www.ff-katharein.at\/hp_neu\/images\/Geschichte\/SCAN0025%20(Custom).JPG\" alt=\"\" border=\"0\" \/><\/td>\n<\/tr>\n<tr>\n<td><strong>1936<\/strong><\/td>\n<td>Brand des S\u00e4gewerks Illmayer.<\/td>\n<\/tr>\n<tr>\n<td><strong>1937<\/strong><\/td>\n<td>Brand des Stallgeb\u00e4udes Lengger sowie des Stallgeb\u00e4udes Lammer, vlg. Votz.<\/td>\n<\/tr>\n<tr>\n<td><strong>31. Dezember 1945<\/strong><\/td>\n<td>Brand des Stallgeb\u00e4udes Knabl.<\/td>\n<\/tr>\n<tr>\n<td><strong>1950<\/strong><\/td>\n<td>Brand des Stallgeb\u00e4udes Kaiser, vlg. Koasa.<\/td>\n<\/tr>\n<tr>\n<td><strong>1956<\/strong><\/td>\n<td>Brand des Stallgeb\u00e4udes Fank.<\/td>\n<\/tr>\n<tr>\n<td><strong>Mai 1959<\/strong><\/td>\n<td><img class=\"aligncenter\" src=\"http:\/\/www.ff-katharein.at\/hp_neu\/images\/Geschichte\/Mai1959%20(Custom).JPG\" alt=\"\" border=\"0\" \/><\/td>\n<\/tr>\n<tr>\n<td><strong>1960<\/strong><\/td>\n<td>Anschaffung eines Feuerwehrautos der Type Ford 1250.<\/td>\n<\/tr>\n<tr>\n<td><strong>1962<\/strong><\/td>\n<td>Anschaffung einer VW-Motorpumpe.<\/td>\n<\/tr>\n<tr>\n<td><strong>1970<\/strong><\/td>\n<td>Ankauf eines Berglandl\u00f6schfahrzeuges der Type Rover.<\/p>\n<p><img class=\"aligncenter\" src=\"http:\/\/www.ff-katharein.at\/hp_neu\/images\/Geschichte\/SCAN0023%20(Custom).JPG\" alt=\"\" border=\"0\" \/><\/td>\n<\/tr>\n<tr>\n<td><strong>9.-23. August 1970<\/strong><\/td>\n<td>Hochwasserkatastrophe in St. Katharein an der Laming. Lokalaugenschein durch den Bundespr\u00e4sidenten Franz Jonas.<\/p>\n<p><img src=\"http:\/\/www.ff-katharein.at\/hp_neu\/images\/Geschichte\/SCAN0001%20(Custom).JPG\" alt=\"\" border=\"0\" \/><img src=\"http:\/\/www.ff-katharein.at\/hp_neu\/images\/Geschichte\/SCAN0006%20(Custom).JPG\" alt=\"\" border=\"0\" \/><img src=\"http:\/\/www.ff-katharein.at\/hp_neu\/images\/Geschichte\/SCAN0020%20(Custom).JPG\" alt=\"\" border=\"0\" \/><\/td>\n<\/tr>\n<tr>\n<td><strong>1972<\/strong><\/td>\n<td>Brand der Tischlerei Presger.<\/td>\n<\/tr>\n<tr>\n<td><strong>1977<\/strong><\/td>\n<td>Ankauf von zwei mobilen Handfunkger\u00e4ten.<\/td>\n<\/tr>\n<tr>\n<td><strong>1978<\/strong><\/td>\n<td><img class=\"aligncenter\" src=\"http:\/\/www.ff-katharein.at\/hp_neu\/images\/Geschichte\/1978%20(Custom).JPG\" alt=\"\" border=\"0\" \/><\/td>\n<\/tr>\n<tr>\n<td><strong>1979<\/strong><\/td>\n<td>Ankauf eines VW Kleinl\u00f6schfahrzeuges.<\/td>\n<\/tr>\n<tr>\n<td><strong>1980<\/strong><\/td>\n<td>Brand des S\u00e4gewerks Illmayer.<\/td>\n<\/tr>\n<tr>\n<td><strong>1983<\/strong><\/td>\n<td>Anschaffung dreier schwerer Atemschutzger\u00e4te.<\/td>\n<\/tr>\n<tr>\n<td><strong>1985<\/strong><\/td>\n<td>Beginn des R\u00fcsthausneubaus.<\/td>\n<\/tr>\n<tr>\n<td><strong>1988<\/strong><\/td>\n<td>Ankauf eines Kleinl\u00f6schfahrzeuges mit TS 8.<\/p>\n<p><img class=\"aligncenter\" src=\"http:\/\/www.ff-katharein.at\/hp_neu\/images\/Geschichte\/SCAN0044%20(Custom).JPG\" alt=\"\" border=\"0\" \/><\/td>\n<\/tr>\n<tr>\n<td><strong>1993<\/strong><\/td>\n<td>Ankauf eines hydraulischen Rettungsger\u00e4tes f\u00fcr Verkehrsunf\u00e4lle und ab diesem Zeitpunkt St\u00fctzpunktfeuerwehr f\u00fcr die L111.<\/td>\n<\/tr>\n<tr>\n<td><strong>1995<\/strong><\/td>\n<td>Ankauf eines Tankl\u00f6schfahrzeuges 2000.<\/p>\n<p><img class=\"aligncenter\" src=\"http:\/\/www.ff-katharein.at\/hp_neu\/images\/Geschichte\/tlf1%20(Custom).jpg\" alt=\"\" border=\"0\" \/><\/td>\n<\/tr>\n<tr>\n<td><strong>1996<\/strong><\/td>\n<td>Frontalzusammensto\u00df eines PKW mit einem Sattelzug auf der L111. Ankauf eines Mannschaftstransportfahrzeuges aus der Kameradschaftskasse.<\/p>\n<p><img class=\"aligncenter\" src=\"http:\/\/www.ff-katharein.at\/hp_neu\/images\/Geschichte\/DSC00089%20(Custom).JPG\" alt=\"\" border=\"0\" \/><\/td>\n<\/tr>\n<tr>\n<td><strong>2002<\/strong><\/td>\n<td>Vollbrand eines Wochenendhauses im Obertal.<\/td>\n<\/tr>\n<tr>\n<td><strong>2003<\/strong><\/td>\n<td>Frontalzusammensto\u00df eines PKW mit einem Betonmischfahrzeug auf der L111.<\/p>\n<p><img src=\"http:\/\/www.ff-katharein.at\/hp_neu\/images\/Geschichte\/SCAN0022%20(Custom).JPG\" alt=\"\" border=\"0\" \/><\/td>\n<\/tr>\n<tr>\n<td><strong>2005<\/strong><\/td>\n<td>Ankauf einer Bergeseilwinde.<\/td>\n<\/tr>\n<tr>\n<td><strong>2007<\/strong><\/td>\n<td>Ankauf zweier Atemschutzfunkger\u00e4te.<\/td>\n<\/tr>\n<tr>\n<td><strong>2008<\/strong><\/td>\n<td>Ankauf einer Tragkraftspritze 15 &#8211; Rosenbauer Fox 3.<\/p>\n<p><img loading=\"lazy\" class=\"aligncenter  wp-image-1376\" src=\"https:\/\/www.ff-katharein.at\/wp\/wp-content\/uploads\/2022\/07\/b048a9f5d5-1-300x275.jpg\" alt=\"\" width=\"217\" height=\"199\" srcset=\"https:\/\/www.ff-katharein.at\/wp\/wp-content\/uploads\/2022\/07\/b048a9f5d5-1-300x275.jpg 300w, https:\/\/www.ff-katharein.at\/wp\/wp-content\/uploads\/2022\/07\/b048a9f5d5-1.jpg 654w\" sizes=\"(max-width: 217px) 100vw, 217px\" \/><\/td>\n<\/tr>\n<tr>\n<td><strong>2009<\/strong><\/td>\n<td>Schwerer Verkehrsunfall auf der L111 in Untertal mit einer eingeklemmten Person sowie ein schwerer Verkehrsunfall auf der L111 in Trag\u00f6\u00df-Unterort ebenfalls mit eingeklemmten Personen (Einsatz von Rettungshubschrauber C12).<\/td>\n<\/tr>\n<tr>\n<td><strong>2010<\/strong><\/td>\n<td>Ankauf eines Mannschaftstransportfahrzeuges sowie eines LKW&#8217;s.<\/p>\n<p><img loading=\"lazy\" class=\"aligncenter  wp-image-1143\" src=\"https:\/\/www.ff-katharein.at\/wp\/wp-content\/uploads\/2022\/06\/mtf3-300x199.jpg\" alt=\"\" width=\"238\" height=\"158\" srcset=\"https:\/\/www.ff-katharein.at\/wp\/wp-content\/uploads\/2022\/06\/mtf3-300x199.jpg 300w, https:\/\/www.ff-katharein.at\/wp\/wp-content\/uploads\/2022\/06\/mtf3-1024x680.jpg 1024w, https:\/\/www.ff-katharein.at\/wp\/wp-content\/uploads\/2022\/06\/mtf3-768x510.jpg 768w, https:\/\/www.ff-katharein.at\/wp\/wp-content\/uploads\/2022\/06\/mtf3-1536x1020.jpg 1536w, https:\/\/www.ff-katharein.at\/wp\/wp-content\/uploads\/2022\/06\/mtf3-2048x1360.jpg 2048w, https:\/\/www.ff-katharein.at\/wp\/wp-content\/uploads\/2022\/06\/mtf3-930x620.jpg 930w\" sizes=\"(max-width: 238px) 100vw, 238px\" \/><\/p>\n<p><img loading=\"lazy\" class=\"aligncenter  wp-image-1142\" src=\"https:\/\/www.ff-katharein.at\/wp\/wp-content\/uploads\/2022\/06\/lkw1-300x199.jpg\" alt=\"\" width=\"238\" height=\"158\" srcset=\"https:\/\/www.ff-katharein.at\/wp\/wp-content\/uploads\/2022\/06\/lkw1-300x199.jpg 300w, https:\/\/www.ff-katharein.at\/wp\/wp-content\/uploads\/2022\/06\/lkw1-1024x680.jpg 1024w, https:\/\/www.ff-katharein.at\/wp\/wp-content\/uploads\/2022\/06\/lkw1-768x510.jpg 768w, https:\/\/www.ff-katharein.at\/wp\/wp-content\/uploads\/2022\/06\/lkw1-1536x1020.jpg 1536w, https:\/\/www.ff-katharein.at\/wp\/wp-content\/uploads\/2022\/06\/lkw1-2048x1360.jpg 2048w, https:\/\/www.ff-katharein.at\/wp\/wp-content\/uploads\/2022\/06\/lkw1-930x620.jpg 930w\" sizes=\"(max-width: 238px) 100vw, 238px\" \/><\/td>\n<\/tr>\n<tr>\n<td><strong>2012<\/strong><\/td>\n<td>Hochwasser im Juni und Juli in St. Katharein und Ankauf Feuerwehrhelme Dr\u00e4ger HPS 6200 aus der Kameradschaftskasse.<\/td>\n<\/tr>\n<tr>\n<td><strong>2014<\/strong><\/td>\n<td>Ankauf W\u00e4rmebildkamera Dr\u00e4ger UCF 7000 aus der Kameradschaftskasse.<\/p>\n<p><img loading=\"lazy\" class=\"aligncenter  wp-image-1374\" src=\"https:\/\/www.ff-katharein.at\/wp\/wp-content\/uploads\/2022\/07\/WBKD-UCF7000-300x254.jpg\" alt=\"\" width=\"211\" height=\"179\" srcset=\"https:\/\/www.ff-katharein.at\/wp\/wp-content\/uploads\/2022\/07\/WBKD-UCF7000-300x254.jpg 300w, https:\/\/www.ff-katharein.at\/wp\/wp-content\/uploads\/2022\/07\/WBKD-UCF7000.jpg 519w\" sizes=\"(max-width: 211px) 100vw, 211px\" \/><\/td>\n<\/tr>\n<\/tbody>\n<\/table>\n<table style=\"height: 330px;\" border=\"0\" width=\"360\">\n<tbody>\n<tr>\n<td colspan=\"2\"><strong>Kommandanten seit der Gr\u00fcndung<\/strong><\/td>\n<\/tr>\n<tr>\n<td width=\"119\">1886 &#8211; 1891<\/td>\n<td width=\"202\">Anton Rhaba<\/td>\n<\/tr>\n<tr>\n<td>1891 &#8211; 1902<\/td>\n<td>Anton Gruber<\/td>\n<\/tr>\n<tr>\n<td>1902 &#8211; 1915<\/td>\n<td>Anton Rhaba<\/td>\n<\/tr>\n<tr>\n<td>1915 &#8211; 1920<\/td>\n<td>Jakob Richter<\/td>\n<\/tr>\n<tr>\n<td>1920 &#8211; 1921<\/td>\n<td>Franz Zoisi<\/td>\n<\/tr>\n<tr>\n<td>1921 &#8211; 1950<\/td>\n<td>Hans Weber<\/td>\n<\/tr>\n<tr>\n<td>1950 &#8211; 1958<\/td>\n<td>Ferdinand Tiefenbacher<\/td>\n<\/tr>\n<tr>\n<td>1958 &#8211; 1982<\/td>\n<td>Wilfried Langer<\/td>\n<\/tr>\n<tr>\n<td>1982 &#8211; 2002<\/td>\n<td>Karl Sommerauer<\/td>\n<\/tr>\n<tr>\n<td>2002 &#8211; 2017<\/td>\n<td>Hans Gmeinbauer<\/td>\n<\/tr>\n<tr>\n<td>seit 2017<\/td>\n<td>Klaus Sommerauer<\/td>\n<\/tr>\n<\/tbody>\n<\/table>\n","protected":false},"excerpt":{"rendered":"<p>1886 Konstituierende Versammlung 20. Dezember 1886 Anton Rhaba wird einstimmig zum Wehrhauptmann bestellt (17 Mitglieder). 4. Mai 1889 Einstimmiger Beschluss: Jedes Wehrmitglied muss einen monatlichen Beitrag von 10 Kreuzern leisten. 15. August 1889 Ankauf von Strickleitern und einer Einsteigeleiter. 15. August 1891 Anton Gruber wird zum Hauptmann gew\u00e4hlt. 13. Februar 1892 Ankauf einer Handdruckspritze. Kaiser&hellip;&nbsp;<a href=\"https:\/\/www.ff-katharein.at\/wp\/?page_id=65\" class=\"\" rel=\"bookmark\">Weiterlesen &raquo;<span class=\"screen-reader-text\">Geschichte<\/span><\/a><\/p>\n","protected":false},"author":2,"featured_media":0,"parent":0,"menu_order":0,"comment_status":"closed","ping_status":"closed","template":"","meta":{"neve_meta_sidebar":"","neve_meta_container":"","neve_meta_enable_content_width":"","neve_meta_content_width":0,"neve_meta_title_alignment":"","neve_meta_author_avatar":"","neve_post_elements_order":"","neve_meta_disable_header":"","neve_meta_disable_footer":"","neve_meta_disable_title":"","ngg_post_thumbnail":0,"_themeisle_gutenberg_block_has_review":false},"_links":{"self":[{"href":"https:\/\/www.ff-katharein.at\/wp\/index.php?rest_route=\/wp\/v2\/pages\/65"}],"collection":[{"href":"https:\/\/www.ff-katharein.at\/wp\/index.php?rest_route=\/wp\/v2\/pages"}],"about":[{"href":"https:\/\/www.ff-katharein.at\/wp\/index.php?rest_route=\/wp\/v2\/types\/page"}],"author":[{"embeddable":true,"href":"https:\/\/www.ff-katharein.at\/wp\/index.php?rest_route=\/wp\/v2\/users\/2"}],"replies":[{"embeddable":true,"href":"https:\/\/www.ff-katharein.at\/wp\/index.php?rest_route=%2Fwp%2Fv2%2Fcomments&post=65"}],"version-history":[{"count":4,"href":"https:\/\/www.ff-katharein.at\/wp\/index.php?rest_route=\/wp\/v2\/pages\/65\/revisions"}],"predecessor-version":[{"id":1377,"href":"https:\/\/www.ff-katharein.at\/wp\/index.php?rest_route=\/wp\/v2\/pages\/65\/revisions\/1377"}],"wp:attachment":[{"href":"https:\/\/www.ff-katharein.at\/wp\/index.php?rest_route=%2Fwp%2Fv2%2Fmedia&parent=65"}],"curies":[{"name":"wp","href":"https:\/\/api.w.org\/{rel}","templated":true}]}}