{"id":75,"date":"2018-04-17T07:42:48","date_gmt":"2018-04-17T05:42:48","guid":{"rendered":"http:\/\/www.ff-katharein.at\/wp\/?page_id=75"},"modified":"2024-01-12T10:11:22","modified_gmt":"2024-01-12T09:11:22","slug":"tlf-a","status":"publish","type":"page","link":"https:\/\/www.ff-katharein.at\/wp\/?page_id=75","title":{"rendered":"HLF2  &#8211; 3000"},"content":{"rendered":"\n<figure class=\"wp-block-image size-large\"><img loading=\"lazy\" width=\"1024\" height=\"683\" src=\"https:\/\/www.ff-katharein.at\/wp\/wp-content\/uploads\/2024\/01\/2022-ffkatharein-fahrzeugweihe-12-1-1024x683.jpg\" alt=\"\" class=\"wp-image-2727\" srcset=\"https:\/\/www.ff-katharein.at\/wp\/wp-content\/uploads\/2024\/01\/2022-ffkatharein-fahrzeugweihe-12-1-1024x683.jpg 1024w, https:\/\/www.ff-katharein.at\/wp\/wp-content\/uploads\/2024\/01\/2022-ffkatharein-fahrzeugweihe-12-1-300x200.jpg 300w, https:\/\/www.ff-katharein.at\/wp\/wp-content\/uploads\/2024\/01\/2022-ffkatharein-fahrzeugweihe-12-1-768x512.jpg 768w, https:\/\/www.ff-katharein.at\/wp\/wp-content\/uploads\/2024\/01\/2022-ffkatharein-fahrzeugweihe-12-1-1536x1024.jpg 1536w, https:\/\/www.ff-katharein.at\/wp\/wp-content\/uploads\/2024\/01\/2022-ffkatharein-fahrzeugweihe-12-1-2048x1365.jpg 2048w, https:\/\/www.ff-katharein.at\/wp\/wp-content\/uploads\/2024\/01\/2022-ffkatharein-fahrzeugweihe-12-1-930x620.jpg 930w\" sizes=\"(max-width: 1024px) 100vw, 1024px\" \/><\/figure>\n\n\n\n<figure class=\"wp-block-image size-large\"><img loading=\"lazy\" width=\"1024\" height=\"683\" src=\"https:\/\/www.ff-katharein.at\/wp\/wp-content\/uploads\/2024\/01\/2022-ffkatharein-fahrzeugweihe-48-1024x683.jpg\" alt=\"\" class=\"wp-image-2725\" srcset=\"https:\/\/www.ff-katharein.at\/wp\/wp-content\/uploads\/2024\/01\/2022-ffkatharein-fahrzeugweihe-48-1024x683.jpg 1024w, https:\/\/www.ff-katharein.at\/wp\/wp-content\/uploads\/2024\/01\/2022-ffkatharein-fahrzeugweihe-48-300x200.jpg 300w, https:\/\/www.ff-katharein.at\/wp\/wp-content\/uploads\/2024\/01\/2022-ffkatharein-fahrzeugweihe-48-768x512.jpg 768w, https:\/\/www.ff-katharein.at\/wp\/wp-content\/uploads\/2024\/01\/2022-ffkatharein-fahrzeugweihe-48-1536x1024.jpg 1536w, https:\/\/www.ff-katharein.at\/wp\/wp-content\/uploads\/2024\/01\/2022-ffkatharein-fahrzeugweihe-48-2048x1365.jpg 2048w, https:\/\/www.ff-katharein.at\/wp\/wp-content\/uploads\/2024\/01\/2022-ffkatharein-fahrzeugweihe-48-930x620.jpg 930w\" sizes=\"(max-width: 1024px) 100vw, 1024px\" \/><\/figure>\n\n\n\n<figure class=\"wp-block-image size-large\"><img loading=\"lazy\" width=\"1024\" height=\"683\" src=\"https:\/\/www.ff-katharein.at\/wp\/wp-content\/uploads\/2024\/01\/2022-ffkatharein-fahrzeugweihe-47-1024x683.jpg\" alt=\"\" class=\"wp-image-2724\" srcset=\"https:\/\/www.ff-katharein.at\/wp\/wp-content\/uploads\/2024\/01\/2022-ffkatharein-fahrzeugweihe-47-1024x683.jpg 1024w, https:\/\/www.ff-katharein.at\/wp\/wp-content\/uploads\/2024\/01\/2022-ffkatharein-fahrzeugweihe-47-300x200.jpg 300w, https:\/\/www.ff-katharein.at\/wp\/wp-content\/uploads\/2024\/01\/2022-ffkatharein-fahrzeugweihe-47-768x512.jpg 768w, https:\/\/www.ff-katharein.at\/wp\/wp-content\/uploads\/2024\/01\/2022-ffkatharein-fahrzeugweihe-47-1536x1024.jpg 1536w, https:\/\/www.ff-katharein.at\/wp\/wp-content\/uploads\/2024\/01\/2022-ffkatharein-fahrzeugweihe-47-2048x1365.jpg 2048w, https:\/\/www.ff-katharein.at\/wp\/wp-content\/uploads\/2024\/01\/2022-ffkatharein-fahrzeugweihe-47-930x620.jpg 930w\" sizes=\"(max-width: 1024px) 100vw, 1024px\" \/><\/figure>\n\n\n\n<figure class=\"wp-block-image size-large\"><img loading=\"lazy\" width=\"683\" height=\"1024\" src=\"https:\/\/www.ff-katharein.at\/wp\/wp-content\/uploads\/2024\/01\/2022-ffkatharein-fahrzeugweihe-166-683x1024.jpg\" alt=\"\" class=\"wp-image-2726\" srcset=\"https:\/\/www.ff-katharein.at\/wp\/wp-content\/uploads\/2024\/01\/2022-ffkatharein-fahrzeugweihe-166-683x1024.jpg 683w, https:\/\/www.ff-katharein.at\/wp\/wp-content\/uploads\/2024\/01\/2022-ffkatharein-fahrzeugweihe-166-200x300.jpg 200w, https:\/\/www.ff-katharein.at\/wp\/wp-content\/uploads\/2024\/01\/2022-ffkatharein-fahrzeugweihe-166-768x1152.jpg 768w, https:\/\/www.ff-katharein.at\/wp\/wp-content\/uploads\/2024\/01\/2022-ffkatharein-fahrzeugweihe-166-1024x1536.jpg 1024w, https:\/\/www.ff-katharein.at\/wp\/wp-content\/uploads\/2024\/01\/2022-ffkatharein-fahrzeugweihe-166-1365x2048.jpg 1365w, https:\/\/www.ff-katharein.at\/wp\/wp-content\/uploads\/2024\/01\/2022-ffkatharein-fahrzeugweihe-166-scaled.jpg 1707w\" sizes=\"(max-width: 683px) 100vw, 683px\" \/><\/figure>\n\n\n\n<figure class=\"wp-block-table\"><table><tbody><tr><td>&nbsp;<\/td><td><strong>&nbsp;<\/strong><\/td><\/tr><tr><td><strong>Bezeichnung:<\/strong><\/td><td>HLF2  &#8211; 3000<\/td><\/tr><tr><td><strong>Type:<\/strong><\/td><td>MAN 16.320<\/td><\/tr><tr><td><strong>Aufbau:<\/strong><\/td><td>Rosenbauer AT Serie<\/td><\/tr><tr><td><strong>Baujahr:<\/strong><\/td><td>2022<\/td><\/tr><tr><td><strong>Motor:<\/strong><\/td><td>7000ccm, 320 PS, 1250 NM<\/td><\/tr><tr><td><strong>Antrieb:<\/strong><\/td><td>Allradantrieb, alle Differenziale sperrbar<\/td><\/tr><tr><td><strong>H\u00f6chstzul\u00e4ssiges Gesamtgewicht<\/strong><\/td><td>16.000 kg<\/td><\/tr><tr><td><strong>Getriebe:<\/strong><\/td><td>Automatisiertes Schaltgetriebe mit 12 Vor- und 2 R\u00fcckw\u00e4rtsg\u00e4ngen + Untersetzungsgetriebe<\/td><\/tr><tr><td><\/td><td><\/td><\/tr><tr><td><strong>Austattung:<\/strong><\/td><td><\/td><\/tr><tr><td><strong>Wassertank:<\/strong><\/td><td>3000l<\/td><\/tr><tr><td><strong>Eingebaute Pumpe:<\/strong><\/td><td>2500l\/min bei 10 bar und 250l\/min bei 40 bar<\/td><\/tr><tr><td><strong>Seilwinde:<\/strong><\/td><td>5,5 t<\/td><\/tr><tr><td><strong>Zusatzausstattung:<\/strong><\/td><td><br>LED Umfeldbeleucht und LED Lichtmast<br>Hydraulisches Rettungsger\u00e4t <br>Notstromaggreagt 13kVA<br>3 Atemschutzger\u00e4te<p>Stra\u00dfenwaschanlag<span style=\"font-family: inherit; font-size: 0.9em; font-weight: inherit; text-align: inherit; background-color: var(--nv-site-bg); color: var(--nv-text-color); letter-spacing: var(--bodyletterspacing); text-transform: var(--bodytexttransform);\">e <\/span><\/p><\/td><\/tr><\/tbody><\/table><\/figure>\n","protected":false},"excerpt":{"rendered":"<p>&nbsp; &nbsp; Bezeichnung: HLF2 &#8211; 3000 Type: MAN 16.320 Aufbau: Rosenbauer AT Serie Baujahr: 2022 Motor: 7000ccm, 320 PS, 1250 NM Antrieb: Allradantrieb, alle Differenziale sperrbar H\u00f6chstzul\u00e4ssiges Gesamtgewicht 16.000 kg Getriebe: Automatisiertes Schaltgetriebe mit 12 Vor- und 2 R\u00fcckw\u00e4rtsg\u00e4ngen + Untersetzungsgetriebe Austattung: Wassertank: 3000l Eingebaute Pumpe: 2500l\/min bei 10 bar und 250l\/min bei 40 bar&hellip;&nbsp;<a href=\"https:\/\/www.ff-katharein.at\/wp\/?page_id=75\" class=\"\" rel=\"bookmark\">Weiterlesen &raquo;<span class=\"screen-reader-text\">HLF2  &#8211; 3000<\/span><\/a><\/p>\n","protected":false},"author":4,"featured_media":0,"parent":0,"menu_order":0,"comment_status":"closed","ping_status":"closed","template":"","meta":{"neve_meta_sidebar":"","neve_meta_container":"","neve_meta_enable_content_width":"","neve_meta_content_width":0,"neve_meta_title_alignment":"","neve_meta_author_avatar":"","neve_post_elements_order":"","neve_meta_disable_header":"","neve_meta_disable_footer":"","neve_meta_disable_title":"","ngg_post_thumbnail":0,"_themeisle_gutenberg_block_has_review":false},"_links":{"self":[{"href":"https:\/\/www.ff-katharein.at\/wp\/index.php?rest_route=\/wp\/v2\/pages\/75"}],"collection":[{"href":"https:\/\/www.ff-katharein.at\/wp\/index.php?rest_route=\/wp\/v2\/pages"}],"about":[{"href":"https:\/\/www.ff-katharein.at\/wp\/index.php?rest_route=\/wp\/v2\/types\/page"}],"author":[{"embeddable":true,"href":"https:\/\/www.ff-katharein.at\/wp\/index.php?rest_route=\/wp\/v2\/users\/4"}],"replies":[{"embeddable":true,"href":"https:\/\/www.ff-katharein.at\/wp\/index.php?rest_route=%2Fwp%2Fv2%2Fcomments&post=75"}],"version-history":[{"count":14,"href":"https:\/\/www.ff-katharein.at\/wp\/index.php?rest_route=\/wp\/v2\/pages\/75\/revisions"}],"predecessor-version":[{"id":2729,"href":"https:\/\/www.ff-katharein.at\/wp\/index.php?rest_route=\/wp\/v2\/pages\/75\/revisions\/2729"}],"wp:attachment":[{"href":"https:\/\/www.ff-katharein.at\/wp\/index.php?rest_route=%2Fwp%2Fv2%2Fmedia&parent=75"}],"curies":[{"name":"wp","href":"https:\/\/api.w.org\/{rel}","templated":true}]}}